{"id":31482,"date":"2025-01-28T16:17:11","date_gmt":"2025-01-28T14:17:11","guid":{"rendered":"https:\/\/fifaa.ee\/?post_type=product&#038;p=31482"},"modified":"2026-04-01T17:07:23","modified_gmt":"2026-04-01T14:07:23","slug":"impact-aware-polylana-kootud-sall-180-x-25-cm","status":"publish","type":"product","link":"https:\/\/fifaa.ee\/en\/product\/impact-aware-polylana-kootud-sall-180-x-25-cm\/","title":{"rendered":"Impact AWARE\u2122 Polylana\u00ae knitted scarf 180 x 25cm"},"content":{"rendered":"<p>Accentuate your everyday fashion and show off your style with this beautiful 4-layer knitted scarf. Whether you&#039;re going to work, taking a midday stroll or enjoying a day off - stay fashionable, cozy and stylish! The scarf contains Polylana\u00ae. Polylana\u00ae is a low-impact alternative to 100% acrylic fiber that uses less energy and water. Contains the AWARE\u2122 label, which confirms the genuine use of recycled materials. 2% of the proceeds from every Impact product sold is donated to Water.org. Dimensions 180 x 25 cm.<\/p>","protected":false},"excerpt":{"rendered":"<p>Selle kauni 4-kihilise kootud salliga t\u00f5stke oma igap\u00e4evast moodi esile ja n\u00e4idake oma stiili. Olenemata sellest, kas l\u00e4hete t\u00f6\u00f6le, keskp\u00e4evasele jalutusk\u00e4igule v\u00f5i naudite vaba p\u00e4eva \u2013 p\u00fcsige moes, hubane ja stiilne! Sall sisaldab Polylana\u00ae. Polylana\u00ae on v\u00e4hese m\u00f5juga alternatiiv 100% akr\u00fc\u00fclkiule, mis kasutab v\u00e4hem energiat ja vett. Sisaldab m\u00e4rgist AWARE\u2122, mis kinnitab taaskasutatud materjalide ehtsat [&hellip;]<\/p>\n","protected":false},"featured_media":31513,"template":"","meta":{"_acf_changed":false},"product_brand":[],"product_cat":[283],"product_tag":[659],"class_list":{"0":"post-31482","1":"product","2":"type-product","3":"status-publish","4":"has-post-thumbnail","6":"product_cat-sall","7":"product_tag-more-colors","8":"pa_varv-hall","9":"pa_varv-must","10":"pa_varv-roheline","11":"pa_varv-sinine","13":"first","14":"instock","15":"taxable","16":"shipping-taxable","17":"purchasable","18":"product-type-variable","19":"has-default-attributes"},"acf":[],"_links":{"self":[{"href":"https:\/\/fifaa.ee\/en\/wp-json\/wp\/v2\/product\/31482","targetHints":{"allow":["GET"]}}],"collection":[{"href":"https:\/\/fifaa.ee\/en\/wp-json\/wp\/v2\/product"}],"about":[{"href":"https:\/\/fifaa.ee\/en\/wp-json\/wp\/v2\/types\/product"}],"wp:featuredmedia":[{"embeddable":true,"href":"https:\/\/fifaa.ee\/en\/wp-json\/wp\/v2\/media\/31513"}],"wp:attachment":[{"href":"https:\/\/fifaa.ee\/en\/wp-json\/wp\/v2\/media?parent=31482"}],"wp:term":[{"taxonomy":"product_brand","embeddable":true,"href":"https:\/\/fifaa.ee\/en\/wp-json\/wp\/v2\/product_brand?post=31482"},{"taxonomy":"product_cat","embeddable":true,"href":"https:\/\/fifaa.ee\/en\/wp-json\/wp\/v2\/product_cat?post=31482"},{"taxonomy":"product_tag","embeddable":true,"href":"https:\/\/fifaa.ee\/en\/wp-json\/wp\/v2\/product_tag?post=31482"}],"curies":[{"name":"wp","href":"https:\/\/api.w.org\/{rel}","templated":true}]}}