{"id":31525,"date":"2025-01-28T16:17:32","date_gmt":"2025-01-28T14:17:32","guid":{"rendered":"https:\/\/fifaa.ee\/?post_type=product&#038;p=31525"},"modified":"2026-04-01T17:07:44","modified_gmt":"2026-04-01T14:07:44","slug":"puidust-kubbi-komplekt","status":"publish","type":"product","link":"https:\/\/fifaa.ee\/en\/product\/puidust-kubbi-komplekt\/","title":{"rendered":"Wooden kubb set"},"content":{"rendered":"<p>Kubb is originally a Swedish throwing game, but has quickly become popular and well-known all over the world. The perfect way to spend a summer afternoon with friends. The aim is to knock down the other teams \u201cKnights\u201d by throwing circular throwing sticks under your armpits from a few meters away. Simply use the wooden corner sticks to mark your playing area and the games can begin! The set includes 1 king, 6 throwing sticks, 10 knights and 4 corner sticks. Made of pine wood (king and knights) and eucalyptus wood (throwing sticks and corner sticks). Comes in a cotton bag with a rule book.<\/p>","protected":false},"excerpt":{"rendered":"<p>Kubb on algselt Rootsi viskem\u00e4ng, kuid on kiiresti muutunud populaarseks ja tuntuks kogu maailmas. Ideaalne viis veeta suvist p\u00e4rastl\u00f5unat s\u00f5pradega. Eesm\u00e4rk on kukutada teised v\u00f5istkonnad &#8220;R\u00fc\u00fctlid&#8221;, visates ringikujulised viskekepid m\u00f5ne meetri kauguselt kaenla alla. Kasutage oma m\u00e4nguv\u00e4lja m\u00e4rgistamiseks lihtsalt puidust nurgavardaid ja m\u00e4ngud v\u00f5ivad alata! Komplektis on 1 kuningas, 6 viskekeppi, 10 ratsut ja 4 [&hellip;]<\/p>\n","protected":false},"featured_media":31544,"template":"","meta":{"_acf_changed":false},"product_brand":[],"product_cat":[571],"product_tag":[],"class_list":{"0":"post-31525","1":"product","2":"type-product","3":"status-publish","4":"has-post-thumbnail","6":"product_cat-vabaaeg-ja-sport","7":"pa_varv-pruun","9":"first","10":"instock","11":"taxable","12":"shipping-taxable","13":"purchasable","14":"product-type-variable","15":"has-default-attributes"},"acf":[],"_links":{"self":[{"href":"https:\/\/fifaa.ee\/en\/wp-json\/wp\/v2\/product\/31525","targetHints":{"allow":["GET"]}}],"collection":[{"href":"https:\/\/fifaa.ee\/en\/wp-json\/wp\/v2\/product"}],"about":[{"href":"https:\/\/fifaa.ee\/en\/wp-json\/wp\/v2\/types\/product"}],"wp:featuredmedia":[{"embeddable":true,"href":"https:\/\/fifaa.ee\/en\/wp-json\/wp\/v2\/media\/31544"}],"wp:attachment":[{"href":"https:\/\/fifaa.ee\/en\/wp-json\/wp\/v2\/media?parent=31525"}],"wp:term":[{"taxonomy":"product_brand","embeddable":true,"href":"https:\/\/fifaa.ee\/en\/wp-json\/wp\/v2\/product_brand?post=31525"},{"taxonomy":"product_cat","embeddable":true,"href":"https:\/\/fifaa.ee\/en\/wp-json\/wp\/v2\/product_cat?post=31525"},{"taxonomy":"product_tag","embeddable":true,"href":"https:\/\/fifaa.ee\/en\/wp-json\/wp\/v2\/product_tag?post=31525"}],"curies":[{"name":"wp","href":"https:\/\/api.w.org\/{rel}","templated":true}]}}