{"id":31526,"date":"2025-01-28T16:17:32","date_gmt":"2025-01-28T14:17:32","guid":{"rendered":"https:\/\/fifaa.ee\/?post_type=product&#038;p=31526"},"modified":"2026-04-01T17:07:44","modified_gmt":"2026-04-01T14:07:44","slug":"puidust-hajutuskomplekt","status":"publish","type":"product","link":"https:\/\/fifaa.ee\/en\/product\/puidust-hajutuskomplekt\/","title":{"rendered":"Wooden scatter set"},"content":{"rendered":"<p>This addictive tactical game challenges players to throw a wooden cylinder under 12 wooden pins. The first player to reach exactly 50 points wins. This must not exceed 50. It may sound easy, but it is very difficult! After each throw, the pins are placed upright. The set includes: 12 x numbered pins and 1 wooden throwing cylinder, all made of sturdy pine wood. Supplied in a cotton bag with a rule book.<\/p>","protected":false},"excerpt":{"rendered":"<p>See s\u00f5ltuvust tekitav taktikaline m\u00e4ng kutsub m\u00e4ngijaid \u00fcles viskama puidust silindrit 12 puidust tihvti alla. Esimene m\u00e4ngija, kes j\u00f5uab t\u00e4pselt 50 punktini, v\u00f5idab. See ei tohi \u00fcletada 50. See v\u00f5ib tunduda lihtne, kuid see on v\u00e4ga keeruline! P\u00e4rast iga viskamist asetatakse tihvtid p\u00fcsti. Komplekti kuulub: 12 x nummerdatud tihvti ja 1 puidust viskesilinder, mis k\u00f5ik [&hellip;]<\/p>\n","protected":false},"featured_media":31546,"template":"","meta":{"_acf_changed":false},"product_brand":[],"product_cat":[571],"product_tag":[],"class_list":{"0":"post-31526","1":"product","2":"type-product","3":"status-publish","4":"has-post-thumbnail","6":"product_cat-vabaaeg-ja-sport","7":"pa_varv-pruun","9":"first","10":"instock","11":"taxable","12":"shipping-taxable","13":"purchasable","14":"product-type-variable","15":"has-default-attributes"},"acf":[],"_links":{"self":[{"href":"https:\/\/fifaa.ee\/en\/wp-json\/wp\/v2\/product\/31526","targetHints":{"allow":["GET"]}}],"collection":[{"href":"https:\/\/fifaa.ee\/en\/wp-json\/wp\/v2\/product"}],"about":[{"href":"https:\/\/fifaa.ee\/en\/wp-json\/wp\/v2\/types\/product"}],"wp:featuredmedia":[{"embeddable":true,"href":"https:\/\/fifaa.ee\/en\/wp-json\/wp\/v2\/media\/31546"}],"wp:attachment":[{"href":"https:\/\/fifaa.ee\/en\/wp-json\/wp\/v2\/media?parent=31526"}],"wp:term":[{"taxonomy":"product_brand","embeddable":true,"href":"https:\/\/fifaa.ee\/en\/wp-json\/wp\/v2\/product_brand?post=31526"},{"taxonomy":"product_cat","embeddable":true,"href":"https:\/\/fifaa.ee\/en\/wp-json\/wp\/v2\/product_cat?post=31526"},{"taxonomy":"product_tag","embeddable":true,"href":"https:\/\/fifaa.ee\/en\/wp-json\/wp\/v2\/product_tag?post=31526"}],"curies":[{"name":"wp","href":"https:\/\/api.w.org\/{rel}","templated":true}]}}