{"id":31527,"date":"2025-01-28T16:17:32","date_gmt":"2025-01-28T14:17:32","guid":{"rendered":"https:\/\/fifaa.ee\/?post_type=product&#038;p=31527"},"modified":"2026-04-01T17:08:06","modified_gmt":"2026-04-01T14:08:06","slug":"puidust-kroketikomplekt","status":"publish","type":"product","link":"https:\/\/fifaa.ee\/en\/product\/puidust-kroketikomplekt\/","title":{"rendered":"Wooden croquet set"},"content":{"rendered":"<p>A beautifully crafted 4-player wooden croquet set, including 4 croquet mallets, 4 balls and 10 metal hoops. Simply place the hoops in your preferred position and form two teams. One team plays 2 designated balls and the other team plays the other 2. If one team manages to hit the ball through the hoop, they get another shot. If not, it&#039;s the other team&#039;s turn. The team that manages to hit all the hoops with both balls wins. The hammer head and balls are made of pine wood and the handle and pins are made of eucalyptus wood. Supplied in a cotton bag with a rule book.<\/p>","protected":false},"excerpt":{"rendered":"<p>Kaunilt valmistatud 4 m\u00e4ngijaga puidust kroketikomplekt, mis sisaldab 4 kroketivasarat, 4 palli ja 10 metallr\u00f5ngast. Lihtsalt asetage r\u00f5ngad eelistatud asendisse ja moodustage kaks meeskonda. \u00dcks meeskond m\u00e4ngib 2 m\u00e4\u00e4ratud palli ja teine \u200b\u200bmeeskond m\u00e4ngib teise 2. Kui \u00fchel meeskonnal \u00f5nnestub pall l\u00e4bi r\u00f5nga l\u00fc\u00fca, saavad nad uue l\u00f6\u00f6gi. Kui ei, siis on teise meeskonna kord. [&hellip;]<\/p>\n","protected":false},"featured_media":31548,"template":"","meta":{"_acf_changed":false},"product_brand":[],"product_cat":[571],"product_tag":[],"class_list":{"0":"post-31527","1":"product","2":"type-product","3":"status-publish","4":"has-post-thumbnail","6":"product_cat-vabaaeg-ja-sport","7":"pa_varv-pruun","9":"first","10":"instock","11":"taxable","12":"shipping-taxable","13":"purchasable","14":"product-type-variable","15":"has-default-attributes"},"acf":[],"_links":{"self":[{"href":"https:\/\/fifaa.ee\/en\/wp-json\/wp\/v2\/product\/31527","targetHints":{"allow":["GET"]}}],"collection":[{"href":"https:\/\/fifaa.ee\/en\/wp-json\/wp\/v2\/product"}],"about":[{"href":"https:\/\/fifaa.ee\/en\/wp-json\/wp\/v2\/types\/product"}],"wp:featuredmedia":[{"embeddable":true,"href":"https:\/\/fifaa.ee\/en\/wp-json\/wp\/v2\/media\/31548"}],"wp:attachment":[{"href":"https:\/\/fifaa.ee\/en\/wp-json\/wp\/v2\/media?parent=31527"}],"wp:term":[{"taxonomy":"product_brand","embeddable":true,"href":"https:\/\/fifaa.ee\/en\/wp-json\/wp\/v2\/product_brand?post=31527"},{"taxonomy":"product_cat","embeddable":true,"href":"https:\/\/fifaa.ee\/en\/wp-json\/wp\/v2\/product_cat?post=31527"},{"taxonomy":"product_tag","embeddable":true,"href":"https:\/\/fifaa.ee\/en\/wp-json\/wp\/v2\/product_tag?post=31527"}],"curies":[{"name":"wp","href":"https:\/\/api.w.org\/{rel}","templated":true}]}}