{"id":31531,"date":"2025-01-28T16:17:32","date_gmt":"2025-01-28T14:17:32","guid":{"rendered":"https:\/\/fifaa.ee\/?post_type=product&#038;p=31531"},"modified":"2026-04-01T17:08:26","modified_gmt":"2026-04-01T14:08:26","slug":"ukiyo-yumiko-aware-hammami-ratik-100-x-180-cm","status":"publish","type":"product","link":"https:\/\/fifaa.ee\/en\/product\/ukiyo-yumiko-aware-hammami-ratik-100-x-180-cm\/","title":{"rendered":"Ukiyo Yumiko AWARE\u2122 Hammam Towel 100 x 180cm"},"content":{"rendered":"<p>This lightweight, highly absorbent, sand-resistant and quick-drying towel is one of the best sustainable towels. Hammam towels are multifunctional: they can also be used as a picnic, baby blanket or as a yoga, beach and gym towel. Even as a tablecloth. Best of all, the thin material makes it extremely portable and easy to throw in a beach bag, suitcase or over your shoulder. This towel contains 12% recycled cotton and is super soft and silky to the touch. AWARE\u2122 labeled, confirming the genuine use of recycled cotton. 2% of the proceeds from every Impact product sold is donated to Water.org. Made in Portugal.<\/p>","protected":false},"excerpt":{"rendered":"<p>See kerge, h\u00e4sti imav, liivakindel ja kiiresti kuivav r\u00e4tik on \u00fcks parimaid j\u00e4tkusuutlikke r\u00e4tikuid. Hammami k\u00e4ter\u00e4tikud on multifunktsionaalsed: saab kasutada ka pikniku, beebitekina v\u00f5i jooga-, ranna- ja j\u00f5usaalir\u00e4tikuna. Isegi laudlinana. Mis k\u00f5ige parem, \u00f5hukese materjali t\u00f5ttu on see \u00fclimalt kaasaskantav ja seda on lihtne rannakotti, kohvrisse v\u00f5i \u00fcle \u00f5la visata. See r\u00e4tik sisaldab 12% taaskasutatud [&hellip;]<\/p>\n","protected":false},"featured_media":31560,"template":"","meta":{"_acf_changed":false},"product_brand":[],"product_cat":[213,277],"product_tag":[659],"class_list":{"0":"post-31531","1":"product","2":"type-product","3":"status-publish","4":"has-post-thumbnail","6":"product_cat-kodu","7":"product_cat-ratik","8":"product_tag-more-colors","9":"pa_varv-hall","10":"pa_varv-must","11":"pa_varv-roheline","12":"pa_varv-roosa","13":"pa_varv-sinine","15":"first","16":"instock","17":"taxable","18":"shipping-taxable","19":"purchasable","20":"product-type-variable","21":"has-default-attributes"},"acf":[],"_links":{"self":[{"href":"https:\/\/fifaa.ee\/en\/wp-json\/wp\/v2\/product\/31531","targetHints":{"allow":["GET"]}}],"collection":[{"href":"https:\/\/fifaa.ee\/en\/wp-json\/wp\/v2\/product"}],"about":[{"href":"https:\/\/fifaa.ee\/en\/wp-json\/wp\/v2\/types\/product"}],"wp:featuredmedia":[{"embeddable":true,"href":"https:\/\/fifaa.ee\/en\/wp-json\/wp\/v2\/media\/31560"}],"wp:attachment":[{"href":"https:\/\/fifaa.ee\/en\/wp-json\/wp\/v2\/media?parent=31531"}],"wp:term":[{"taxonomy":"product_brand","embeddable":true,"href":"https:\/\/fifaa.ee\/en\/wp-json\/wp\/v2\/product_brand?post=31531"},{"taxonomy":"product_cat","embeddable":true,"href":"https:\/\/fifaa.ee\/en\/wp-json\/wp\/v2\/product_cat?post=31531"},{"taxonomy":"product_tag","embeddable":true,"href":"https:\/\/fifaa.ee\/en\/wp-json\/wp\/v2\/product_tag?post=31531"}],"curies":[{"name":"wp","href":"https:\/\/api.w.org\/{rel}","templated":true}]}}