{"id":31532,"date":"2025-01-28T16:17:32","date_gmt":"2025-01-28T14:17:32","guid":{"rendered":"https:\/\/fifaa.ee\/?post_type=product&#038;p=31532"},"modified":"2026-04-01T17:08:26","modified_gmt":"2026-04-01T14:08:26","slug":"ukiyo-hisako-aware-4-seasons-ratik-tekk-100x180","status":"publish","type":"product","link":"https:\/\/fifaa.ee\/en\/product\/ukiyo-hisako-aware-4-seasons-ratik-tekk-100x180\/","title":{"rendered":"Ukiyo Hisako AWARE\u2122 4 Seasons towel\/blanket 100\u00d7180"},"content":{"rendered":"<p>Our most luxurious and versatile towel. The perfect travel companion for any occasion. This towel is made with 22% recycled cotton and feels super soft and silky to the touch. AWARE\u2122 certified to ensure genuine recycled cotton. You can use it for almost anything, from the beach, travel, sauna, pool, camping, sports, beach towel, bath towel, scarf, pareo, yoga towel, blanket, baby wrap \u2013 you name it. Perfect for sofas and changing beds, hisako pants are also great for sunbathing or as a machine-washable picnic blanket. These four-season hammam towels are quick-drying, mildew-resistant and incredibly easy to clean, making them a great choice for allergy sufferers, red wine lovers and beachgoers. 2% of the proceeds from every Impact product sold is donated to Water.org. Machine washable. Made in Portugal.<\/p>","protected":false},"excerpt":{"rendered":"<p>Meie k\u00f5ige luksuslikum ja mitmek\u00fclgsem r\u00e4tik. Ideaalne reisikaaslane igas olukorras. See r\u00e4tik sisaldab 22% taaskasutatud puuvilla ning on katsudes \u00fclipehme ja siidine. AWARE\u2122 m\u00e4rgistusega, mis kinnitab taaskasutatud puuvilla ehtsat kasutamist. Saate seda kasutada peaaegu k\u00f5igeks, n\u00e4iteks rannas, reisimisel, saunas, basseinis, telkimisel, sportimisel, rannar\u00e4tikuna, vannir\u00e4tikuna, sallina, pareo, joogar\u00e4tikuna, tekina, lapse m\u00e4hisena &#8211; you name seda. T\u00e4iuslikud\u00a0diivanite [&hellip;]<\/p>\n","protected":false},"featured_media":31570,"template":"","meta":{"_acf_changed":false},"product_brand":[],"product_cat":[213,277],"product_tag":[659],"class_list":{"0":"post-31532","1":"product","2":"type-product","3":"status-publish","4":"has-post-thumbnail","6":"product_cat-kodu","7":"product_cat-ratik","8":"product_tag-more-colors","9":"pa_varv-hall","10":"pa_varv-must","11":"pa_varv-roheline","12":"pa_varv-roosa","13":"pa_varv-sinine","15":"first","16":"instock","17":"taxable","18":"shipping-taxable","19":"purchasable","20":"product-type-variable","21":"has-default-attributes"},"acf":[],"_links":{"self":[{"href":"https:\/\/fifaa.ee\/en\/wp-json\/wp\/v2\/product\/31532","targetHints":{"allow":["GET"]}}],"collection":[{"href":"https:\/\/fifaa.ee\/en\/wp-json\/wp\/v2\/product"}],"about":[{"href":"https:\/\/fifaa.ee\/en\/wp-json\/wp\/v2\/types\/product"}],"wp:featuredmedia":[{"embeddable":true,"href":"https:\/\/fifaa.ee\/en\/wp-json\/wp\/v2\/media\/31570"}],"wp:attachment":[{"href":"https:\/\/fifaa.ee\/en\/wp-json\/wp\/v2\/media?parent=31532"}],"wp:term":[{"taxonomy":"product_brand","embeddable":true,"href":"https:\/\/fifaa.ee\/en\/wp-json\/wp\/v2\/product_brand?post=31532"},{"taxonomy":"product_cat","embeddable":true,"href":"https:\/\/fifaa.ee\/en\/wp-json\/wp\/v2\/product_cat?post=31532"},{"taxonomy":"product_tag","embeddable":true,"href":"https:\/\/fifaa.ee\/en\/wp-json\/wp\/v2\/product_tag?post=31532"}],"curies":[{"name":"wp","href":"https:\/\/api.w.org\/{rel}","templated":true}]}}