{"id":31572,"date":"2025-01-28T16:17:54","date_gmt":"2025-01-28T14:17:54","guid":{"rendered":"https:\/\/fifaa.ee\/?post_type=product&#038;p=31572"},"modified":"2026-04-01T17:08:53","modified_gmt":"2026-04-01T14:08:53","slug":"ukiyo-sakura-aware-500-gsm-vanniratik-70x140cm","status":"publish","type":"product","link":"https:\/\/fifaa.ee\/en\/product\/ukiyo-sakura-aware-500-gsm-vanniratik-70x140cm\/","title":{"rendered":"Ukiyo Sakura AWARE\u2122 500 gsm bath towel 70x140cm"},"content":{"rendered":"<p>These large, spa-quality, sustainable 500g bath towels are luxuriously thick, silky and super soft on the skin. Luxurious Ukiyo towels are super soft, quick-drying and offer great absorbency. This towel contains 30% recycled cotton and is super soft and silky to the touch. AWARE\u2122 labeled to confirm the genuine use of recycled cotton. 2% of the proceeds from every Impact product sold is donated to Water.org. Machine washable. Made in Portugal.<\/p>","protected":false},"excerpt":{"rendered":"<p>Need suured spaakvaliteediga j\u00e4tkusuutlikud 500-grammised vannir\u00e4tikud on m\u00f5nusalt paksud, siidised ja nahale \u00fclipehmed. Luksuslikud Ukiyo r\u00e4tikud on \u00fclipehmed, kiiresti kuivavad ja pakuvad suurep\u00e4rast imavust. See r\u00e4tik sisaldab 30% taaskasutatud puuvilla ning on katsudes \u00fclipehme ja siidine. AWARE\u2122 m\u00e4rgistusega, mis kinnitab taaskasutatud puuvilla ehtsat kasutamist. 2% iga m\u00fc\u00fcdud Impacti toote tulust annetatakse veebisaidile Water.org. Masinpestav. Valmistatud [&hellip;]<\/p>\n","protected":false},"featured_media":31591,"template":"","meta":{"_acf_changed":false},"product_brand":[],"product_cat":[213,277],"product_tag":[659],"class_list":{"0":"post-31572","1":"product","2":"type-product","3":"status-publish","4":"has-post-thumbnail","6":"product_cat-kodu","7":"product_cat-ratik","8":"product_tag-more-colors","9":"pa_varv-hall","10":"pa_varv-roheline","11":"pa_varv-sinine","12":"pa_varv-valge-new","14":"first","15":"instock","16":"taxable","17":"shipping-taxable","18":"purchasable","19":"product-type-variable","20":"has-default-attributes"},"acf":[],"_links":{"self":[{"href":"https:\/\/fifaa.ee\/en\/wp-json\/wp\/v2\/product\/31572","targetHints":{"allow":["GET"]}}],"collection":[{"href":"https:\/\/fifaa.ee\/en\/wp-json\/wp\/v2\/product"}],"about":[{"href":"https:\/\/fifaa.ee\/en\/wp-json\/wp\/v2\/types\/product"}],"wp:featuredmedia":[{"embeddable":true,"href":"https:\/\/fifaa.ee\/en\/wp-json\/wp\/v2\/media\/31591"}],"wp:attachment":[{"href":"https:\/\/fifaa.ee\/en\/wp-json\/wp\/v2\/media?parent=31572"}],"wp:term":[{"taxonomy":"product_brand","embeddable":true,"href":"https:\/\/fifaa.ee\/en\/wp-json\/wp\/v2\/product_brand?post=31572"},{"taxonomy":"product_cat","embeddable":true,"href":"https:\/\/fifaa.ee\/en\/wp-json\/wp\/v2\/product_cat?post=31572"},{"taxonomy":"product_tag","embeddable":true,"href":"https:\/\/fifaa.ee\/en\/wp-json\/wp\/v2\/product_tag?post=31572"}],"curies":[{"name":"wp","href":"https:\/\/api.w.org\/{rel}","templated":true}]}}