{"id":31620,"date":"2025-01-28T16:18:20","date_gmt":"2025-01-28T14:18:20","guid":{"rendered":"https:\/\/fifaa.ee\/?post_type=product&#038;p=31620"},"modified":"2026-04-01T17:10:50","modified_gmt":"2026-04-01T14:10:50","slug":"swiss-peak-rcs-rplastist-polariseeritud-paikeseprillid","status":"publish","type":"product","link":"https:\/\/fifaa.ee\/en\/product\/swiss-peak-rcs-rplastist-polariseeritud-paikeseprillid\/","title":{"rendered":"Swiss Peak RCS rplastic polarized sunglasses"},"content":{"rendered":"<p>Luxury polarized sunglasses made from RCS certified recycled PC and aluminum frames. Total recycled content: 37% of the total weight of the item. RCS certification ensures a fully certified supply chain of recycled materials. Includes a GRS certified recycled RPET case to store the glasses. The lenses are polarized, which eliminates sunlight reflections, making them ideal for driving or other sunny summer or winter activities. Meets EN ISO 12312-1, UV 400 and CAT 3 standards. Packaged in FSC\u00ae gift packaging.<\/p>","protected":false},"excerpt":{"rendered":"<p>Luksuslikud polariseeritud p\u00e4ikeseprillid, mis on valmistatud RCS-sertifikaadiga taaskasutatud arvutiraamist ja alumiiniumist raamidest. Taaskasutatud kogusisaldus: 37% eseme kogukaalust. RCS-sertifikaat tagab taaskasutatud materjalide t\u00e4ielikult sertifitseeritud tarneahela. Kaasa arvatud GRS-sertifikaadiga taaskasutatud RPET-\u00fcmbris prillide hoidmiseks. Klaasid on polariseeritud, mis v\u00e4listab p\u00e4ikesevalguse peegeldumise, muutes need ideaalseks autojuhtimiseks v\u00f5i muudeks p\u00e4ikesepaistelisteks suve- v\u00f5i talvetegevusteks. Vastab standarditele EN ISO 12312-1, UV 400 [&hellip;]<\/p>\n","protected":false},"featured_media":31672,"template":"","meta":{"_acf_changed":false},"product_brand":[],"product_cat":[600,571],"product_tag":[],"class_list":{"0":"post-31620","1":"product","2":"type-product","3":"status-publish","4":"has-post-thumbnail","6":"product_cat-paikeseprillid","7":"product_cat-vabaaeg-ja-sport","8":"pa_varv-must","10":"first","11":"instock","12":"taxable","13":"shipping-taxable","14":"purchasable","15":"product-type-variable","16":"has-default-attributes"},"acf":[],"_links":{"self":[{"href":"https:\/\/fifaa.ee\/en\/wp-json\/wp\/v2\/product\/31620","targetHints":{"allow":["GET"]}}],"collection":[{"href":"https:\/\/fifaa.ee\/en\/wp-json\/wp\/v2\/product"}],"about":[{"href":"https:\/\/fifaa.ee\/en\/wp-json\/wp\/v2\/types\/product"}],"wp:featuredmedia":[{"embeddable":true,"href":"https:\/\/fifaa.ee\/en\/wp-json\/wp\/v2\/media\/31672"}],"wp:attachment":[{"href":"https:\/\/fifaa.ee\/en\/wp-json\/wp\/v2\/media?parent=31620"}],"wp:term":[{"taxonomy":"product_brand","embeddable":true,"href":"https:\/\/fifaa.ee\/en\/wp-json\/wp\/v2\/product_brand?post=31620"},{"taxonomy":"product_cat","embeddable":true,"href":"https:\/\/fifaa.ee\/en\/wp-json\/wp\/v2\/product_cat?post=31620"},{"taxonomy":"product_tag","embeddable":true,"href":"https:\/\/fifaa.ee\/en\/wp-json\/wp\/v2\/product_tag?post=31620"}],"curies":[{"name":"wp","href":"https:\/\/api.w.org\/{rel}","templated":true}]}}