{"id":31662,"date":"2025-01-28T16:18:41","date_gmt":"2025-01-28T14:18:41","guid":{"rendered":"https:\/\/fifaa.ee\/?post_type=product&#038;p=31662"},"modified":"2026-04-01T17:11:13","modified_gmt":"2026-04-01T14:11:13","slug":"impact-aware-rpet-piknikutekk","status":"publish","type":"product","link":"https:\/\/fifaa.ee\/en\/product\/impact-aware-rpet-piknikutekk\/","title":{"rendered":"Impact AWARE\u2122 RPET picnic blanket"},"content":{"rendered":"<p>This Impact AWARE\u2122 RPET picnic blanket is perfect for sitting comfortably on the ground during a picnic, walk or camping. Thanks to the water-repellent coating, you are well protected from cold and wet ground. It has a handy strap for rolling it up and carrying. The blanket is made of recycled polyester. With the AWARE\u2122 label, which confirms the genuine use of recycled materials. Each blanket is made from 27 recycled 0.5L PET bottles. 2% of the proceeds from every Impact product sold is donated to Water.org. Dimensions 150x130cm.<\/p>","protected":false},"excerpt":{"rendered":"<p>See Impact AWARE\u2122 RPET piknikutekk sobib suurep\u00e4raselt piknikul, jalutusk\u00e4igul v\u00f5i k\u00e4mpingus mugavalt maas istumiseks. T\u00e4nu vetth\u00fclgavale kattele olete h\u00e4sti kaitstud k\u00fclma ja niiske pinnase eest. Selle kokkurullimiseks ja kandmiseks on k\u00e4ep\u00e4rane rihm. Tekk on valmistatud taaskasutatud pol\u00fcestrist. AWARE\u2122 m\u00e4rgistusega, mis kinnitab taaskasutatud materjalide ehtsat kasutamist. Igal tekil on taaskasutatud 27 0,5L PET-pudelit. 2% iga m\u00fc\u00fcdud [&hellip;]<\/p>\n","protected":false},"featured_media":31684,"template":"","meta":{"_acf_changed":false},"product_brand":[],"product_cat":[574,571],"product_tag":[659],"class_list":{"0":"post-31662","1":"product","2":"type-product","3":"status-publish","4":"has-post-thumbnail","6":"product_cat-pikniku-ja-grilli-tarbed","7":"product_cat-vabaaeg-ja-sport","8":"product_tag-more-colors","9":"pa_varv-hall","10":"pa_varv-roheline","11":"pa_varv-sinine","13":"first","14":"instock","15":"taxable","16":"shipping-taxable","17":"purchasable","18":"product-type-variable","19":"has-default-attributes"},"acf":[],"_links":{"self":[{"href":"https:\/\/fifaa.ee\/en\/wp-json\/wp\/v2\/product\/31662","targetHints":{"allow":["GET"]}}],"collection":[{"href":"https:\/\/fifaa.ee\/en\/wp-json\/wp\/v2\/product"}],"about":[{"href":"https:\/\/fifaa.ee\/en\/wp-json\/wp\/v2\/types\/product"}],"wp:featuredmedia":[{"embeddable":true,"href":"https:\/\/fifaa.ee\/en\/wp-json\/wp\/v2\/media\/31684"}],"wp:attachment":[{"href":"https:\/\/fifaa.ee\/en\/wp-json\/wp\/v2\/media?parent=31662"}],"wp:term":[{"taxonomy":"product_brand","embeddable":true,"href":"https:\/\/fifaa.ee\/en\/wp-json\/wp\/v2\/product_brand?post=31662"},{"taxonomy":"product_cat","embeddable":true,"href":"https:\/\/fifaa.ee\/en\/wp-json\/wp\/v2\/product_cat?post=31662"},{"taxonomy":"product_tag","embeddable":true,"href":"https:\/\/fifaa.ee\/en\/wp-json\/wp\/v2\/product_tag?post=31662"}],"curies":[{"name":"wp","href":"https:\/\/api.w.org\/{rel}","templated":true}]}}