{"id":31710,"date":"2025-01-28T16:19:02","date_gmt":"2025-01-28T14:19:02","guid":{"rendered":"https:\/\/fifaa.ee\/?post_type=product&#038;p=31710"},"modified":"2026-04-01T17:11:56","modified_gmt":"2026-04-01T14:11:56","slug":"gear-x-rcs-rplastist-raske-peaga-taskulamp","status":"publish","type":"product","link":"https:\/\/fifaa.ee\/en\/product\/gear-x-rcs-rplastist-raske-peaga-taskulamp\/","title":{"rendered":"Gear X RCS rPlastic heavy duty head torch"},"content":{"rendered":"<p>Powerful headlamp with integrated high-power COB and LED lighting. The torch head can produce up to 250 lumens and has a beam distance of 70 meters. The torch head body is made of RCS-certified recycled ABS plastic. RCS (Recycled Claim Standard) is a standard for verifying the recycled content of a product throughout the supply chain. Total recycled content: 23% of the total weight of the product. The torch head is IPX4 water and dust resistant. With an adjustable headband that fits all sizes. The headlamp has an 800 mAh rechargeable lithium battery that allows for 3 hours of continuous use on a single charge. With 6 light modes, including 100%-50% and SOS mode. Easy charging via Type-C.<\/p>","protected":false},"excerpt":{"rendered":"<p>Tugev pealamp integreeritud suure v\u00f5imsusega COB-i ja LED-valgustusega. P\u00f5letipea suudab toota kuni 250 luumenit ja selle valgusvihu kaugus on 70 meetrit. P\u00f5letipea korpus on valmistatud RCS-sertifikaadiga taaskasutatud ABS-plastikust. RCS (Recycled Claim Standard) on standard toote ringlussev\u00f5etud sisu kontrollimiseks kogu tarneahelas. Taaskasutatud kogusisaldus: 23% kauba kogukaalust. P\u00f5letipea on IPX4 vee- ja tolmukindel. Reguleeritava peapaelaga, mis sobib [&hellip;]<\/p>\n","protected":false},"featured_media":31728,"template":"","meta":{"_acf_changed":false},"product_brand":[],"product_cat":[649,577],"product_tag":[],"class_list":{"0":"post-31710","1":"product","2":"type-product","3":"status-publish","4":"has-post-thumbnail","6":"product_cat-toolambid","7":"product_cat-tooriistad-ja-taskulambid","8":"pa_varv-must","10":"first","11":"instock","12":"taxable","13":"shipping-taxable","14":"purchasable","15":"product-type-variable","16":"has-default-attributes"},"acf":[],"_links":{"self":[{"href":"https:\/\/fifaa.ee\/en\/wp-json\/wp\/v2\/product\/31710","targetHints":{"allow":["GET"]}}],"collection":[{"href":"https:\/\/fifaa.ee\/en\/wp-json\/wp\/v2\/product"}],"about":[{"href":"https:\/\/fifaa.ee\/en\/wp-json\/wp\/v2\/types\/product"}],"wp:featuredmedia":[{"embeddable":true,"href":"https:\/\/fifaa.ee\/en\/wp-json\/wp\/v2\/media\/31728"}],"wp:attachment":[{"href":"https:\/\/fifaa.ee\/en\/wp-json\/wp\/v2\/media?parent=31710"}],"wp:term":[{"taxonomy":"product_brand","embeddable":true,"href":"https:\/\/fifaa.ee\/en\/wp-json\/wp\/v2\/product_brand?post=31710"},{"taxonomy":"product_cat","embeddable":true,"href":"https:\/\/fifaa.ee\/en\/wp-json\/wp\/v2\/product_cat?post=31710"},{"taxonomy":"product_tag","embeddable":true,"href":"https:\/\/fifaa.ee\/en\/wp-json\/wp\/v2\/product_tag?post=31710"}],"curies":[{"name":"wp","href":"https:\/\/api.w.org\/{rel}","templated":true}]}}