{"id":31712,"date":"2025-01-28T16:19:02","date_gmt":"2025-01-28T14:19:02","guid":{"rendered":"https:\/\/fifaa.ee\/?post_type=product&#038;p=31712"},"modified":"2026-04-01T17:11:56","modified_gmt":"2026-04-01T14:11:56","slug":"gear-x-rcs-rplastist-usb-laetav-toovalgusti-2","status":"publish","type":"product","link":"https:\/\/fifaa.ee\/en\/product\/gear-x-rcs-rplastist-usb-laetav-toovalgusti-2\/","title":{"rendered":"Gear X RCS rPlastic USB rechargeable worklight"},"content":{"rendered":"<p>RCS certified recycled ABS plastic. Total recycled content: 36% of the total weight of the item. RCS certification ensures a fully certified supply chain of recycled materials. The work light uses a rechargeable Class A 1000 mAh lithium battery, so there is no need to change batteries. Simply recharge via your USB port. The work light comes with a 260 lumen COB light and an extendable 80 lumen LED light. With 3 modes: LED, COB and COB 50%. With magnet on the back. For charging with a Type-C port. Run time on a single charge: 3 hours.<\/p>","protected":false},"excerpt":{"rendered":"<p>RCS-sertifikaadiga taaskasutatud ABS-plast. Taaskasutatud kogusisaldus: 36% eseme kogumassist. RCS-sertifikaat tagab taaskasutatud materjalide t\u00e4ielikult sertifitseeritud tarneahela. T\u00f6\u00f6tuli kasutab korduvlaetavat A-klassi 1000 mah liitiumakut, nii et patareisid pole vaja vahetada. Laadige lihtsalt oma USB-pesa kaudu uuesti. T\u00f6\u00f6valgustiga on kaasas 260 luumenine COB valgusti ja pikendatav 80 luumenine LED valgus. 3 re\u017eiimiga: LED, COB ja COB 50%. Magnetiga [&hellip;]<\/p>\n","protected":false},"featured_media":31732,"template":"","meta":{"_acf_changed":false},"product_brand":[],"product_cat":[649,577],"product_tag":[],"class_list":{"0":"post-31712","1":"product","2":"type-product","3":"status-publish","4":"has-post-thumbnail","6":"product_cat-toolambid","7":"product_cat-tooriistad-ja-taskulambid","8":"pa_varv-hall","10":"first","11":"instock","12":"taxable","13":"shipping-taxable","14":"purchasable","15":"product-type-variable","16":"has-default-attributes"},"acf":[],"_links":{"self":[{"href":"https:\/\/fifaa.ee\/en\/wp-json\/wp\/v2\/product\/31712","targetHints":{"allow":["GET"]}}],"collection":[{"href":"https:\/\/fifaa.ee\/en\/wp-json\/wp\/v2\/product"}],"about":[{"href":"https:\/\/fifaa.ee\/en\/wp-json\/wp\/v2\/types\/product"}],"wp:featuredmedia":[{"embeddable":true,"href":"https:\/\/fifaa.ee\/en\/wp-json\/wp\/v2\/media\/31732"}],"wp:attachment":[{"href":"https:\/\/fifaa.ee\/en\/wp-json\/wp\/v2\/media?parent=31712"}],"wp:term":[{"taxonomy":"product_brand","embeddable":true,"href":"https:\/\/fifaa.ee\/en\/wp-json\/wp\/v2\/product_brand?post=31712"},{"taxonomy":"product_cat","embeddable":true,"href":"https:\/\/fifaa.ee\/en\/wp-json\/wp\/v2\/product_cat?post=31712"},{"taxonomy":"product_tag","embeddable":true,"href":"https:\/\/fifaa.ee\/en\/wp-json\/wp\/v2\/product_tag?post=31712"}],"curies":[{"name":"wp","href":"https:\/\/api.w.org\/{rel}","templated":true}]}}