{"id":31714,"date":"2025-01-28T16:19:02","date_gmt":"2025-01-28T14:19:02","guid":{"rendered":"https:\/\/fifaa.ee\/?post_type=product&#038;p=31714"},"modified":"2026-04-01T17:11:56","modified_gmt":"2026-04-01T14:11:56","slug":"gear-x-rcs-taaskasutatud-plastikust-usb-tasku-toovalgusti-260-luumenit","status":"publish","type":"product","link":"https:\/\/fifaa.ee\/en\/product\/gear-x-rcs-taaskasutatud-plastikust-usb-tasku-toovalgusti-260-luumenit\/","title":{"rendered":"Gear X RCS recycled plastic USB pocket work light 260 lumen"},"content":{"rendered":"<p>Pocket-sized work light with super bright COB, made from RCS-certified recycled ABS plastic. Total recycled content: 36% of the total weight of the item. RCS certification ensures a fully certified supply chain of recycled materials. The work light uses a rechargeable Class A 900 mAh lithium battery, so there is no need to change batteries. Simply recharge via your USB port. The work light comes with a 260 lumen COB. With 2 modes: COB and COB 50%. With magnet on the back. With stand function. With Type-C port for charging. Run time on a single charge: 3 hours.<\/p>","protected":false},"excerpt":{"rendered":"<p>Taskusuurune t\u00f6\u00f6valgusti \u00fcliere COB-ga, mis on valmistatud RCS-sertifikaadiga taaskasutatud ABS-plastist. Taaskasutatud kogusisaldus: 36% eseme kogumassist. RCS-sertifikaat tagab taaskasutatud materjalide t\u00e4ielikult sertifitseeritud tarneahela. T\u00f6\u00f6tuli kasutab taaslaetavat A-klassi 900 mah liitiumakut, nii et patareisid pole vaja vahetada. Laadige lihtsalt oma USB-pesa kaudu uuesti. T\u00f6\u00f6valgustiga on kaasas 260 luumenine COB. 2 re\u017eiimiga: COB ja COB 50%. Magnetiga taga. [&hellip;]<\/p>\n","protected":false},"featured_media":31736,"template":"","meta":{"_acf_changed":false},"product_brand":[],"product_cat":[649,577],"product_tag":[],"class_list":{"0":"post-31714","1":"product","2":"type-product","3":"status-publish","4":"has-post-thumbnail","6":"product_cat-toolambid","7":"product_cat-tooriistad-ja-taskulambid","8":"pa_varv-hall","10":"first","11":"instock","12":"taxable","13":"shipping-taxable","14":"purchasable","15":"product-type-variable","16":"has-default-attributes"},"acf":[],"_links":{"self":[{"href":"https:\/\/fifaa.ee\/en\/wp-json\/wp\/v2\/product\/31714","targetHints":{"allow":["GET"]}}],"collection":[{"href":"https:\/\/fifaa.ee\/en\/wp-json\/wp\/v2\/product"}],"about":[{"href":"https:\/\/fifaa.ee\/en\/wp-json\/wp\/v2\/types\/product"}],"wp:featuredmedia":[{"embeddable":true,"href":"https:\/\/fifaa.ee\/en\/wp-json\/wp\/v2\/media\/31736"}],"wp:attachment":[{"href":"https:\/\/fifaa.ee\/en\/wp-json\/wp\/v2\/media?parent=31714"}],"wp:term":[{"taxonomy":"product_brand","embeddable":true,"href":"https:\/\/fifaa.ee\/en\/wp-json\/wp\/v2\/product_brand?post=31714"},{"taxonomy":"product_cat","embeddable":true,"href":"https:\/\/fifaa.ee\/en\/wp-json\/wp\/v2\/product_cat?post=31714"},{"taxonomy":"product_tag","embeddable":true,"href":"https:\/\/fifaa.ee\/en\/wp-json\/wp\/v2\/product_tag?post=31714"}],"curies":[{"name":"wp","href":"https:\/\/api.w.org\/{rel}","templated":true}]}}