{"id":31717,"date":"2025-01-28T16:19:02","date_gmt":"2025-01-28T14:19:02","guid":{"rendered":"https:\/\/fifaa.ee\/?post_type=product&#038;p=31717"},"modified":"2026-04-01T17:12:24","modified_gmt":"2026-04-01T14:12:24","slug":"pure-glow-rcs-usb-taaslaetav-taaskasutatud-plastikust-laualamp","status":"publish","type":"product","link":"https:\/\/fifaa.ee\/en\/product\/pure-glow-rcs-usb-taaslaetav-taaskasutatud-plastikust-laualamp\/","title":{"rendered":"Pure Glow RCS usb-rechargeable recycled plastic table lamp"},"content":{"rendered":"<p>Luxury table lamp made of RCS-certified recycled ABS plastic, recycled aluminum and FSC-certified 100% bamboo. Total recycled content: 40% of the total weight of the item. RCS certification ensures a fully certified supply chain of recycled materials. The table lamp works for up to 18 hours on a single charge and can be recharged in 2 hours. With a class A 1800 mAh battery and Type-C input (5V\/1A) Two modes (warm light and white light) that can be adjusted with a touch sensor on the bottom. Rechargeable via USB-C. Packed in FSC\u00ae mixed packaging. IPX 4 waterproof.<\/p>","protected":false},"excerpt":{"rendered":"<p>Luksuslik laualamp, mis on valmistatud RCS-sertifikaadiga taaskasutatud ABS-plastist, taaskasutatud alumiiniumist ja FSC-sertifikaadiga 100% bambusest. Taaskasutatud kogusisaldus: 40% eseme kogukaalust. RCS-sertifikaat tagab taaskasutatud materjalide t\u00e4ielikult sertifitseeritud tarneahela. Laualamp t\u00f6\u00f6tab \u00fche laadimisega kuni 18 tundi ja seda saab uuesti laadida 2 tunniga. A-klassi 1800 mAh aku ja C-t\u00fc\u00fcpi sisendiga (5V\/1A) Kahe re\u017eiimiga (soe valgus ja valge valgus), [&hellip;]<\/p>\n","protected":false},"featured_media":31750,"template":"","meta":{"_acf_changed":false},"product_brand":[],"product_cat":[638,577],"product_tag":[],"class_list":{"0":"post-31717","1":"product","2":"type-product","3":"status-publish","4":"has-post-thumbnail","6":"product_cat-laualambid","7":"product_cat-tooriistad-ja-taskulambid","8":"pa_varv-valge-new","10":"first","11":"instock","12":"taxable","13":"shipping-taxable","14":"purchasable","15":"product-type-variable","16":"has-default-attributes"},"acf":[],"_links":{"self":[{"href":"https:\/\/fifaa.ee\/en\/wp-json\/wp\/v2\/product\/31717","targetHints":{"allow":["GET"]}}],"collection":[{"href":"https:\/\/fifaa.ee\/en\/wp-json\/wp\/v2\/product"}],"about":[{"href":"https:\/\/fifaa.ee\/en\/wp-json\/wp\/v2\/types\/product"}],"wp:featuredmedia":[{"embeddable":true,"href":"https:\/\/fifaa.ee\/en\/wp-json\/wp\/v2\/media\/31750"}],"wp:attachment":[{"href":"https:\/\/fifaa.ee\/en\/wp-json\/wp\/v2\/media?parent=31717"}],"wp:term":[{"taxonomy":"product_brand","embeddable":true,"href":"https:\/\/fifaa.ee\/en\/wp-json\/wp\/v2\/product_brand?post=31717"},{"taxonomy":"product_cat","embeddable":true,"href":"https:\/\/fifaa.ee\/en\/wp-json\/wp\/v2\/product_cat?post=31717"},{"taxonomy":"product_tag","embeddable":true,"href":"https:\/\/fifaa.ee\/en\/wp-json\/wp\/v2\/product_tag?post=31717"}],"curies":[{"name":"wp","href":"https:\/\/api.w.org\/{rel}","templated":true}]}}