{"id":31758,"date":"2025-01-28T16:19:27","date_gmt":"2025-01-28T14:19:27","guid":{"rendered":"https:\/\/fifaa.ee\/?post_type=product&#038;p=31758"},"modified":"2026-04-01T17:13:08","modified_gmt":"2026-04-01T14:13:08","slug":"solarglow-rcs-taaskasutatud-abs-usb-laetav-valisvalgusti","status":"publish","type":"product","link":"https:\/\/fifaa.ee\/en\/product\/solarglow-rcs-taaskasutatud-abs-usb-laetav-valisvalgusti\/","title":{"rendered":"SolarGlow RCS recycled ABS USB-rechargeable outdoor light"},"content":{"rendered":"<p>LED solar light made from RCS certified recycled ABS. Total recycled content: 71% of the total weight of the item. RCS certification ensures a fully certified supply chain of recycled materials. The flashlight uses a rechargeable Class A 1200 mAh lithium battery, so there is no need to change batteries. Simply charge via your USB socket and the integrated Type-C port. Includes 80cm charging cable. Charging time with cable: 3 hours. 10 hours in bright sunlight gives up to 3-4 hours of runtime. Runtime on full charge: 20 hours. IPX 4 waterproof.<\/p>","protected":false},"excerpt":{"rendered":"<p>LED p\u00e4ikesevalgusti, mis on valmistatud RCS-sertifikaadiga taaskasutatud ABS-ist. Taaskasutatud kogusisaldus: 71% eseme kogukaalust. RCS-sertifikaat tagab taaskasutatud materjalide t\u00e4ielikult sertifitseeritud tarneahela. Taskulambis kasutatakse korduvlaetavat A-klassi 1200 mah liitiumakut, nii et patareisid pole vaja vahetada. Laadige lihtsalt oma USB-pesa ja integreeritud C-t\u00fc\u00fcpi pordi kaudu. Kaasas 80cm laadimiskaabel. Laadimisaeg kaabliga: 3 tundi. 10 tundi eredas p\u00e4ikesevalguses annab kuni [&hellip;]<\/p>\n","protected":false},"featured_media":31775,"template":"","meta":{"_acf_changed":false},"product_brand":[],"product_cat":[638,577],"product_tag":[],"class_list":{"0":"post-31758","1":"product","2":"type-product","3":"status-publish","4":"has-post-thumbnail","6":"product_cat-laualambid","7":"product_cat-tooriistad-ja-taskulambid","8":"pa_varv-valge-new","10":"first","11":"instock","12":"taxable","13":"shipping-taxable","14":"purchasable","15":"product-type-variable","16":"has-default-attributes"},"acf":[],"_links":{"self":[{"href":"https:\/\/fifaa.ee\/en\/wp-json\/wp\/v2\/product\/31758","targetHints":{"allow":["GET"]}}],"collection":[{"href":"https:\/\/fifaa.ee\/en\/wp-json\/wp\/v2\/product"}],"about":[{"href":"https:\/\/fifaa.ee\/en\/wp-json\/wp\/v2\/types\/product"}],"wp:featuredmedia":[{"embeddable":true,"href":"https:\/\/fifaa.ee\/en\/wp-json\/wp\/v2\/media\/31775"}],"wp:attachment":[{"href":"https:\/\/fifaa.ee\/en\/wp-json\/wp\/v2\/media?parent=31758"}],"wp:term":[{"taxonomy":"product_brand","embeddable":true,"href":"https:\/\/fifaa.ee\/en\/wp-json\/wp\/v2\/product_brand?post=31758"},{"taxonomy":"product_cat","embeddable":true,"href":"https:\/\/fifaa.ee\/en\/wp-json\/wp\/v2\/product_cat?post=31758"},{"taxonomy":"product_tag","embeddable":true,"href":"https:\/\/fifaa.ee\/en\/wp-json\/wp\/v2\/product_tag?post=31758"}],"curies":[{"name":"wp","href":"https:\/\/api.w.org\/{rel}","templated":true}]}}