{"id":31764,"date":"2025-01-28T16:19:28","date_gmt":"2025-01-28T14:19:28","guid":{"rendered":"https:\/\/fifaa.ee\/?post_type=product&#038;p=31764"},"modified":"2026-04-01T17:13:35","modified_gmt":"2026-04-01T14:13:35","slug":"magnetiga-teleskoopvalgusti","status":"publish","type":"product","link":"https:\/\/fifaa.ee\/en\/product\/magnetiga-teleskoopvalgusti\/","title":{"rendered":"Telescopic light with magnet"},"content":{"rendered":"<p>This dual magnetic LED work light is the perfect tool for any need \u2013 it\u2019s perfect for attaching to any metal surface for optimal flash. This aluminum flashlight allows you to extend it from its standard size of 17 cm to 58 cm, allowing you to pick up objects stuck in hard-to-see places with a magnet in front. This flashlight is equipped with three LEDs that provide extra bright exposure in dark places. When the light is pulled out, the head becomes flexible and can be adjusted in any direction. Includes batteries for immediate use.<\/p>","protected":false},"excerpt":{"rendered":"<p>See topeltmagnetiline LED-t\u00f6\u00f6tuli on ideaalne t\u00f6\u00f6riist igaks vajaduseks \u2013 see sobib suurep\u00e4raselt mis tahes metallpinnale kinnitamiseks optimaalse v\u00e4lgu jaoks. See alumiiniumist taskulamp v\u00f5imaldab teil pikendada selle tavasuurusest 17 cm-lt 58 cm-ni, v\u00f5imaldades teil korjata raskesti n\u00e4htavatesse kohtadesse kinni j\u00e4\u00e4nud esemeid, mille ees on magnet. See taskulamp on varustatud kolme LED-iga, mis tagavad eriti ereda s\u00e4rituse [&hellip;]<\/p>\n","protected":false},"featured_media":31787,"template":"","meta":{"_acf_changed":false},"product_brand":[],"product_cat":[585,577],"product_tag":[],"class_list":{"0":"post-31764","1":"product","2":"type-product","3":"status-publish","4":"has-post-thumbnail","6":"product_cat-taskulambid","7":"product_cat-tooriistad-ja-taskulambid","8":"pa_varv-must","10":"first","11":"instock","12":"taxable","13":"shipping-taxable","14":"purchasable","15":"product-type-variable","16":"has-default-attributes"},"acf":[],"_links":{"self":[{"href":"https:\/\/fifaa.ee\/en\/wp-json\/wp\/v2\/product\/31764","targetHints":{"allow":["GET"]}}],"collection":[{"href":"https:\/\/fifaa.ee\/en\/wp-json\/wp\/v2\/product"}],"about":[{"href":"https:\/\/fifaa.ee\/en\/wp-json\/wp\/v2\/types\/product"}],"wp:featuredmedia":[{"embeddable":true,"href":"https:\/\/fifaa.ee\/en\/wp-json\/wp\/v2\/media\/31787"}],"wp:attachment":[{"href":"https:\/\/fifaa.ee\/en\/wp-json\/wp\/v2\/media?parent=31764"}],"wp:term":[{"taxonomy":"product_brand","embeddable":true,"href":"https:\/\/fifaa.ee\/en\/wp-json\/wp\/v2\/product_brand?post=31764"},{"taxonomy":"product_cat","embeddable":true,"href":"https:\/\/fifaa.ee\/en\/wp-json\/wp\/v2\/product_cat?post=31764"},{"taxonomy":"product_tag","embeddable":true,"href":"https:\/\/fifaa.ee\/en\/wp-json\/wp\/v2\/product_tag?post=31764"}],"curies":[{"name":"wp","href":"https:\/\/api.w.org\/{rel}","templated":true}]}}