{"id":31766,"date":"2025-01-28T16:19:28","date_gmt":"2025-01-28T14:19:28","guid":{"rendered":"https:\/\/fifaa.ee\/?post_type=product&#038;p=31766"},"modified":"2026-04-01T17:13:59","modified_gmt":"2026-04-01T14:13:59","slug":"luming-rcs-taaskasutatud-plastikust-usb-taaslaetav-laualamp","status":"publish","type":"product","link":"https:\/\/fifaa.ee\/en\/product\/luming-rcs-taaskasutatud-plastikust-usb-taaslaetav-laualamp\/","title":{"rendered":"Luming RCS recycled plastic USB re-chargeable table lamp"},"content":{"rendered":"<p>A trendy rechargeable and portable table lamp that looks great on your desk or in your living room. Made from RCS certified recycled ABS and RCS certified recycled aluminum. Total recycled content: 84% of the total weight of the item. RCS certification ensures a fully certified supply chain of recycled materials. The table lamp runs for up to 18 hours on a single charge and can be recharged in 2 hours. With two modes (warm light and white light) that can be adjusted by touching the top of the lamp. Rechargeable via USB-C. Packed in FSC\u00ae mixed packaging. IPX 4 waterproof.<\/p>","protected":false},"excerpt":{"rendered":"<p>Trendikas taaslaetav ja kaasaskantav laualamp, mis n\u00e4eb hea v\u00e4lja nii teie laual kui ka elutoas. Valmistatud RCS-sertifikaadiga taaskasutatud ABS-ist ja RCS-sertifikaadiga taaskasutatud alumiiniumist. Kogu taaskasutatud sisaldus: 84% eseme kogukaalust. RCS-sertifikaat tagab taaskasutatud materjalide t\u00e4ielikult sertifitseeritud tarneahela. Laualamp t\u00f6\u00f6tab \u00fche laadimisega kuni 18 tundi ja seda saab uuesti laadida 2 tunniga. Kahe re\u017eiimiga (soe valgus ja [&hellip;]<\/p>\n","protected":false},"featured_media":31791,"template":"","meta":{"_acf_changed":false},"product_brand":[],"product_cat":[638,577],"product_tag":[659],"class_list":{"0":"post-31766","1":"product","2":"type-product","3":"status-publish","4":"has-post-thumbnail","6":"product_cat-laualambid","7":"product_cat-tooriistad-ja-taskulambid","8":"product_tag-more-colors","9":"pa_varv-hall","10":"pa_varv-must","12":"first","13":"instock","14":"taxable","15":"shipping-taxable","16":"purchasable","17":"product-type-variable","18":"has-default-attributes"},"acf":[],"_links":{"self":[{"href":"https:\/\/fifaa.ee\/en\/wp-json\/wp\/v2\/product\/31766","targetHints":{"allow":["GET"]}}],"collection":[{"href":"https:\/\/fifaa.ee\/en\/wp-json\/wp\/v2\/product"}],"about":[{"href":"https:\/\/fifaa.ee\/en\/wp-json\/wp\/v2\/types\/product"}],"wp:featuredmedia":[{"embeddable":true,"href":"https:\/\/fifaa.ee\/en\/wp-json\/wp\/v2\/media\/31791"}],"wp:attachment":[{"href":"https:\/\/fifaa.ee\/en\/wp-json\/wp\/v2\/media?parent=31766"}],"wp:term":[{"taxonomy":"product_brand","embeddable":true,"href":"https:\/\/fifaa.ee\/en\/wp-json\/wp\/v2\/product_brand?post=31766"},{"taxonomy":"product_cat","embeddable":true,"href":"https:\/\/fifaa.ee\/en\/wp-json\/wp\/v2\/product_cat?post=31766"},{"taxonomy":"product_tag","embeddable":true,"href":"https:\/\/fifaa.ee\/en\/wp-json\/wp\/v2\/product_tag?post=31766"}],"curies":[{"name":"wp","href":"https:\/\/api.w.org\/{rel}","templated":true}]}}