{"id":31767,"date":"2025-01-28T16:19:28","date_gmt":"2025-01-28T14:19:28","guid":{"rendered":"https:\/\/fifaa.ee\/?post_type=product&#038;p=31767"},"modified":"2026-04-01T17:13:59","modified_gmt":"2026-04-01T14:13:59","slug":"aurora-rcs-taaskasutatud-plastikust-usb-taaslaetav-laualamp","status":"publish","type":"product","link":"https:\/\/fifaa.ee\/en\/product\/aurora-rcs-taaskasutatud-plastikust-usb-taaslaetav-laualamp\/","title":{"rendered":"Aurora RCS recycled plastic USB re-chargeable table lamp"},"content":{"rendered":"<p>IPX 4 waterproof rechargeable and portable table lamp that looks great on your desk, in the garden or in the bedroom. Made from RCS certified recycled ABS and iron. Total recycled content: 23% of the total weight of the product. RCS certification ensures a fully certified supply chain of recycled materials. The table lamp runs for up to 24 hours on a single charge and can be recharged in 3 hours. Integrated 1200 mAh class A battery. With three brightness settings. Rechargeable via USB-C, including 30 cm recycled TPE charging cable. Packed in FSC\u00ae mixed packaging. PVC free.<\/p>","protected":false},"excerpt":{"rendered":"<p>IPX 4 veekindel taaslaetav ja kaasaskantav laualamp, mis n\u00e4eb hea v\u00e4lja nii teie laual, aias v\u00f5i magamistoas. Valmistatud RCS-sertifikaadiga taaskasutatud ABS-ist ja rauast. Taaskasutatud kogusisaldus: 23% kauba kogukaalust. RCS-sertifikaat tagab taaskasutatud materjalide t\u00e4ielikult sertifitseeritud tarneahela. Laualamp t\u00f6\u00f6tab \u00fche laadimisega kuni 24 tundi ja seda saab uuesti laadida 3 tunniga. Integreeritud 1200 mah A-klassi akuga. Kolme [&hellip;]<\/p>\n","protected":false},"featured_media":31797,"template":"","meta":{"_acf_changed":false},"product_brand":[],"product_cat":[638,577],"product_tag":[],"class_list":{"0":"post-31767","1":"product","2":"type-product","3":"status-publish","4":"has-post-thumbnail","6":"product_cat-laualambid","7":"product_cat-tooriistad-ja-taskulambid","8":"pa_varv-hall","10":"first","11":"instock","12":"taxable","13":"shipping-taxable","14":"purchasable","15":"product-type-variable","16":"has-default-attributes"},"acf":[],"_links":{"self":[{"href":"https:\/\/fifaa.ee\/en\/wp-json\/wp\/v2\/product\/31767","targetHints":{"allow":["GET"]}}],"collection":[{"href":"https:\/\/fifaa.ee\/en\/wp-json\/wp\/v2\/product"}],"about":[{"href":"https:\/\/fifaa.ee\/en\/wp-json\/wp\/v2\/types\/product"}],"wp:featuredmedia":[{"embeddable":true,"href":"https:\/\/fifaa.ee\/en\/wp-json\/wp\/v2\/media\/31797"}],"wp:attachment":[{"href":"https:\/\/fifaa.ee\/en\/wp-json\/wp\/v2\/media?parent=31767"}],"wp:term":[{"taxonomy":"product_brand","embeddable":true,"href":"https:\/\/fifaa.ee\/en\/wp-json\/wp\/v2\/product_brand?post=31767"},{"taxonomy":"product_cat","embeddable":true,"href":"https:\/\/fifaa.ee\/en\/wp-json\/wp\/v2\/product_cat?post=31767"},{"taxonomy":"product_tag","embeddable":true,"href":"https:\/\/fifaa.ee\/en\/wp-json\/wp\/v2\/product_tag?post=31767"}],"curies":[{"name":"wp","href":"https:\/\/api.w.org\/{rel}","templated":true}]}}