{"id":31768,"date":"2025-01-28T16:19:28","date_gmt":"2025-01-28T14:19:28","guid":{"rendered":"https:\/\/fifaa.ee\/?post_type=product&#038;p=31768"},"modified":"2026-04-01T17:14:26","modified_gmt":"2026-04-01T14:14:26","slug":"lucid-1w-rcs-sertifitseeritud-taaskasutatud-plastikust-ja-bambusest-taskulamp","status":"publish","type":"product","link":"https:\/\/fifaa.ee\/en\/product\/lucid-1w-rcs-sertifitseeritud-taaskasutatud-plastikust-ja-bambusest-taskulamp\/","title":{"rendered":"Lucid 1W RCS certified recycled plastic &amp; bamboo torch"},"content":{"rendered":"<p>USB rechargeable 1W flashlight made from FSC\u00ae 100% bamboo and RCS (Recycled Claim Standard) certified recycled ABS. Total recycled content: 23% of the total weight of the item. RCS certification ensures a fully certified supply chain of recycled materials. The flashlight comes with a 500 mAh Class A lithium battery. The torch can be used for up to 3 hours on a single charge and recharges in 2.5 hours with Type-C. The flash distance is 50 meters and provides 90 lumens. With 3 modes (bright, medium and flash). Including RCS certified recycled TPE charging cable. Packed in FSC\u00ae mix kraft packaging. Product and accessories 100% PVC free<\/p>","protected":false},"excerpt":{"rendered":"<p>USB-taaslaetav 1W taskulamp, mis on valmistatud FSC\u00ae 100% bambusest ja RCS (Recycled Claim Standard) sertifitseeritud taaskasutatud ABS-ist. Taaskasutatud kogusisaldus: 23% kauba kogukaalust. RCS-sertifikaat tagab taaskasutatud materjalide t\u00e4ielikult sertifitseeritud tarneahela. Taskulambiga on kaasas 500 mah A-klassi liitiumaku. P\u00f5letit saab \u00fche laadimisega kasutada kuni 3 tundi ja laadida C-t\u00fc\u00fcpi 2,5 tunniga. Kiire kaugus on 50 meetrit ja [&hellip;]<\/p>\n","protected":false},"featured_media":31799,"template":"","meta":{"_acf_changed":false},"product_brand":[],"product_cat":[585,577],"product_tag":[],"class_list":{"0":"post-31768","1":"product","2":"type-product","3":"status-publish","4":"has-post-thumbnail","6":"product_cat-taskulambid","7":"product_cat-tooriistad-ja-taskulambid","8":"pa_varv-must","10":"first","11":"instock","12":"taxable","13":"shipping-taxable","14":"purchasable","15":"product-type-variable","16":"has-default-attributes"},"acf":[],"_links":{"self":[{"href":"https:\/\/fifaa.ee\/en\/wp-json\/wp\/v2\/product\/31768","targetHints":{"allow":["GET"]}}],"collection":[{"href":"https:\/\/fifaa.ee\/en\/wp-json\/wp\/v2\/product"}],"about":[{"href":"https:\/\/fifaa.ee\/en\/wp-json\/wp\/v2\/types\/product"}],"wp:featuredmedia":[{"embeddable":true,"href":"https:\/\/fifaa.ee\/en\/wp-json\/wp\/v2\/media\/31799"}],"wp:attachment":[{"href":"https:\/\/fifaa.ee\/en\/wp-json\/wp\/v2\/media?parent=31768"}],"wp:term":[{"taxonomy":"product_brand","embeddable":true,"href":"https:\/\/fifaa.ee\/en\/wp-json\/wp\/v2\/product_brand?post=31768"},{"taxonomy":"product_cat","embeddable":true,"href":"https:\/\/fifaa.ee\/en\/wp-json\/wp\/v2\/product_cat?post=31768"},{"taxonomy":"product_tag","embeddable":true,"href":"https:\/\/fifaa.ee\/en\/wp-json\/wp\/v2\/product_tag?post=31768"}],"curies":[{"name":"wp","href":"https:\/\/api.w.org\/{rel}","templated":true}]}}