{"id":31805,"date":"2025-01-28T16:19:46","date_gmt":"2025-01-28T14:19:46","guid":{"rendered":"https:\/\/fifaa.ee\/?post_type=product&#038;p=31805"},"modified":"2026-04-01T17:14:53","modified_gmt":"2026-04-01T14:14:53","slug":"lumino-rcs-taaskasutatud-plastikust-usb-taaslaetav-rattatulede-komplekt","status":"publish","type":"product","link":"https:\/\/fifaa.ee\/en\/product\/lumino-rcs-taaskasutatud-plastikust-usb-taaslaetav-rattatulede-komplekt\/","title":{"rendered":"Lumino RCS recycled plastic USB re-chargeable bike light set"},"content":{"rendered":"<p>USB rechargeable front and rear light set made from RCS recycled ABS. The 1W light supports up to 2.5 hours of use on a single charge. When empty, it can be easily recharged in 1 hour via the Type-C input. With a 400 mAh battery. The bike light has 5 light modes (high, medium, slow flash, fast flash and pulsating) with 60 lumens of light for optimal visibility. Packed in a plastic-free FSC mixed box. Total recycled content: 43% of the total weight of the item. RCS certification ensures a fully certified supply chain of recycled materials. PVC free. Recycled TPE Type-C charging cable included. IPX 4 waterproof.<\/p>","protected":false},"excerpt":{"rendered":"<p>USB taaslaetav esi- ja tagatulede komplekt, mis on valmistatud RCS-i taaskasutatud ABS-ist. 1W valgusti toetab kuni 2,5 tundi kasutusaega \u00fche laadimisega. Kui see on t\u00fchjenenud, saab seda h\u00f5lpsasti 1 tunni jooksul laadida C-t\u00fc\u00fcpi sisendi kaudu. 400 mAh akuga. Rattatulel on 5 valgusre\u017eiimi (tugev, keskmine, aeglaselt vilkuv, kiiresti vilkuv ja pulseeriv) 60-luumenilise valgusega optimaalse n\u00e4htavuse tagamiseks. [&hellip;]<\/p>\n","protected":false},"featured_media":31825,"template":"","meta":{"_acf_changed":false},"product_brand":[],"product_cat":[577],"product_tag":[],"class_list":{"0":"post-31805","1":"product","2":"type-product","3":"status-publish","4":"has-post-thumbnail","6":"product_cat-tooriistad-ja-taskulambid","7":"pa_varv-must","9":"first","10":"instock","11":"taxable","12":"shipping-taxable","13":"purchasable","14":"product-type-variable","15":"has-default-attributes"},"acf":[],"_links":{"self":[{"href":"https:\/\/fifaa.ee\/en\/wp-json\/wp\/v2\/product\/31805","targetHints":{"allow":["GET"]}}],"collection":[{"href":"https:\/\/fifaa.ee\/en\/wp-json\/wp\/v2\/product"}],"about":[{"href":"https:\/\/fifaa.ee\/en\/wp-json\/wp\/v2\/types\/product"}],"wp:featuredmedia":[{"embeddable":true,"href":"https:\/\/fifaa.ee\/en\/wp-json\/wp\/v2\/media\/31825"}],"wp:attachment":[{"href":"https:\/\/fifaa.ee\/en\/wp-json\/wp\/v2\/media?parent=31805"}],"wp:term":[{"taxonomy":"product_brand","embeddable":true,"href":"https:\/\/fifaa.ee\/en\/wp-json\/wp\/v2\/product_brand?post=31805"},{"taxonomy":"product_cat","embeddable":true,"href":"https:\/\/fifaa.ee\/en\/wp-json\/wp\/v2\/product_cat?post=31805"},{"taxonomy":"product_tag","embeddable":true,"href":"https:\/\/fifaa.ee\/en\/wp-json\/wp\/v2\/product_tag?post=31805"}],"curies":[{"name":"wp","href":"https:\/\/api.w.org\/{rel}","templated":true}]}}