{"id":31806,"date":"2025-01-28T16:19:46","date_gmt":"2025-01-28T14:19:46","guid":{"rendered":"https:\/\/fifaa.ee\/?post_type=product&#038;p=31806"},"modified":"2026-04-01T17:14:53","modified_gmt":"2026-04-01T14:14:53","slug":"gear-x-usb-taaslaetav-taskulamp","status":"publish","type":"product","link":"https:\/\/fifaa.ee\/en\/product\/gear-x-usb-taaslaetav-taskulamp\/","title":{"rendered":"Gear X USB re-chargeable torch"},"content":{"rendered":"<p>Functionality, performance and design come together in this rechargeable flashlight. The high-quality aluminum alloy housing fits perfectly in your hand. The premium focus light allows you to extend the light up to 2000 times. Thanks to its IP4 rating, it is weatherproof, so you can easily take it outside. The powerful bulb creates up to 1000 lumens and a beam that reaches up to 500 meters. The torch uses a rechargeable battery, so there is no need to change batteries. Simply recharge via its USB port. The high-quality bulb has 5 modes, including an SOS function. The 2000 mAh battery allows for up to 4 hours of use on a single charge.<\/p>","protected":false},"excerpt":{"rendered":"<p>Funktsionaalsus, j\u00f5udlus ja disain saavad selles taaslaetavas taskulambis kokku. Kvaliteetne alumiiniumisulamist korpus sobib ideaalselt teie k\u00e4tte. Esmaklassiline fookusvalgusti v\u00f5imaldab valgust pikendada kuni 2000 korda. Oma IP4 reitingu t\u00f5ttu on see ilmastikukindel, nii et seda saab h\u00f5lpsasti \u00f5ue kaasa v\u00f5tta. V\u00f5imas pirn loob kuni 1000 luumenit ja valgusvihku, mis ulatub kuni 500 meetrini. P\u00f5leti kasutab taaslaetavat [&hellip;]<\/p>\n","protected":false},"featured_media":31827,"template":"","meta":{"_acf_changed":false},"product_brand":[],"product_cat":[585,577],"product_tag":[],"class_list":{"0":"post-31806","1":"product","2":"type-product","3":"status-publish","4":"has-post-thumbnail","6":"product_cat-taskulambid","7":"product_cat-tooriistad-ja-taskulambid","8":"pa_varv-must","10":"first","11":"instock","12":"taxable","13":"shipping-taxable","14":"purchasable","15":"product-type-variable","16":"has-default-attributes"},"acf":[],"_links":{"self":[{"href":"https:\/\/fifaa.ee\/en\/wp-json\/wp\/v2\/product\/31806","targetHints":{"allow":["GET"]}}],"collection":[{"href":"https:\/\/fifaa.ee\/en\/wp-json\/wp\/v2\/product"}],"about":[{"href":"https:\/\/fifaa.ee\/en\/wp-json\/wp\/v2\/types\/product"}],"wp:featuredmedia":[{"embeddable":true,"href":"https:\/\/fifaa.ee\/en\/wp-json\/wp\/v2\/media\/31827"}],"wp:attachment":[{"href":"https:\/\/fifaa.ee\/en\/wp-json\/wp\/v2\/media?parent=31806"}],"wp:term":[{"taxonomy":"product_brand","embeddable":true,"href":"https:\/\/fifaa.ee\/en\/wp-json\/wp\/v2\/product_brand?post=31806"},{"taxonomy":"product_cat","embeddable":true,"href":"https:\/\/fifaa.ee\/en\/wp-json\/wp\/v2\/product_cat?post=31806"},{"taxonomy":"product_tag","embeddable":true,"href":"https:\/\/fifaa.ee\/en\/wp-json\/wp\/v2\/product_tag?post=31806"}],"curies":[{"name":"wp","href":"https:\/\/api.w.org\/{rel}","templated":true}]}}