{"id":31807,"date":"2025-01-28T16:19:46","date_gmt":"2025-01-28T14:19:46","guid":{"rendered":"https:\/\/fifaa.ee\/?post_type=product&#038;p=31807"},"modified":"2026-04-01T17:15:14","modified_gmt":"2026-04-01T14:15:14","slug":"suur-cob-iga-teleskoopvalgusti","status":"publish","type":"product","link":"https:\/\/fifaa.ee\/en\/product\/suur-cob-iga-teleskoopvalgusti\/","title":{"rendered":"Large telescopic light with COB"},"content":{"rendered":"<p>The perfect work light for any need - this dual magnetic LED work light is perfect for attaching to any metal surface for optimal illumination. This aluminum flashlight allows you to extend it from its standard size of 26 cm to 64 cm, allowing you to pick up objects stuck in hard-to-see places with a magnet in front. This flashlight is equipped with three 10-lumen LEDs that provide extra bright exposure in dark rooms and an 80-lumen COB light. When the flashlight head is extended, the head becomes flexible and can be adjusted in any direction. Includes batteries for direct use.<\/p>","protected":false},"excerpt":{"rendered":"<p>Ideaalne t\u00f6\u00f6valgusti igaks vajaduseks \u2013 see topeltmagnetiline LED-t\u00f6\u00f6valgusti sobib suurep\u00e4raselt mis tahes metallpinnale kinnitamiseks optimaalse valgustuse tagamiseks. See alumiiniumist taskulamp v\u00f5imaldab pikendada selle tavasuurusest 26 cm-st 64 cm-ni, v\u00f5imaldades teil korjata raskesti n\u00e4htavatesse kohtadesse kinni j\u00e4\u00e4nud esemeid, mille ees on magnet. See taskulamp on varustatud kolme 10-liitrise LED-iga, mis tagavad eriti ereda s\u00e4rituse pimedas ruumis, [&hellip;]<\/p>\n","protected":false},"featured_media":31829,"template":"","meta":{"_acf_changed":false},"product_brand":[],"product_cat":[585,577],"product_tag":[],"class_list":{"0":"post-31807","1":"product","2":"type-product","3":"status-publish","4":"has-post-thumbnail","6":"product_cat-taskulambid","7":"product_cat-tooriistad-ja-taskulambid","8":"pa_varv-must","10":"first","11":"instock","12":"taxable","13":"shipping-taxable","14":"purchasable","15":"product-type-variable","16":"has-default-attributes"},"acf":[],"_links":{"self":[{"href":"https:\/\/fifaa.ee\/en\/wp-json\/wp\/v2\/product\/31807","targetHints":{"allow":["GET"]}}],"collection":[{"href":"https:\/\/fifaa.ee\/en\/wp-json\/wp\/v2\/product"}],"about":[{"href":"https:\/\/fifaa.ee\/en\/wp-json\/wp\/v2\/types\/product"}],"wp:featuredmedia":[{"embeddable":true,"href":"https:\/\/fifaa.ee\/en\/wp-json\/wp\/v2\/media\/31829"}],"wp:attachment":[{"href":"https:\/\/fifaa.ee\/en\/wp-json\/wp\/v2\/media?parent=31807"}],"wp:term":[{"taxonomy":"product_brand","embeddable":true,"href":"https:\/\/fifaa.ee\/en\/wp-json\/wp\/v2\/product_brand?post=31807"},{"taxonomy":"product_cat","embeddable":true,"href":"https:\/\/fifaa.ee\/en\/wp-json\/wp\/v2\/product_cat?post=31807"},{"taxonomy":"product_tag","embeddable":true,"href":"https:\/\/fifaa.ee\/en\/wp-json\/wp\/v2\/product_tag?post=31807"}],"curies":[{"name":"wp","href":"https:\/\/api.w.org\/{rel}","templated":true}]}}