{"id":31808,"date":"2025-01-28T16:19:46","date_gmt":"2025-01-28T14:19:46","guid":{"rendered":"https:\/\/fifaa.ee\/?post_type=product&#038;p=31808"},"modified":"2026-04-01T17:15:14","modified_gmt":"2026-04-01T14:15:14","slug":"gear-x-rcs-taaskasutatud-alumiiniumist-usb-taaslaetav-taskulamp","status":"publish","type":"product","link":"https:\/\/fifaa.ee\/en\/product\/gear-x-rcs-taaskasutatud-alumiiniumist-usb-taaslaetav-taskulamp\/","title":{"rendered":"Gear X RCS recycled aluminum USB-rechargeable torch"},"content":{"rendered":"<p>Functionality, performance and design come together in this rechargeable 3W flashlight made from RCS-certified recycled aluminum. Total recycled content: 20% of the total weight of the item. RCS certification ensures a fully certified supply chain of recycled materials. With an IP4 rating, it is weatherproof, so you can easily take it outdoors. The powerful bulb creates up to 100 lumens and a beam that reaches up to 100 meters. The flashlight uses a rechargeable Class A battery, so there is no need to change batteries. Simply charge via your USB port and the included RCS-certified recycled Type-C cable. The high-quality bulb has 5 modes, including an SOS function. The 500 mAh battery allows for up to 4 hours of use on a single charge. Aluminum does not lose its properties during recycling and can be recycled indefinitely. Product and accessories 100% PVC-free. Packed in FSC mixed packaging.<\/p>","protected":false},"excerpt":{"rendered":"<p>Funktsionaalsus, j\u00f5udlus ja disain tulevad kokku selles taaslaetavas 3 W taskulambis, mis on valmistatud RCS-sertifikaadiga taaskasutatud alumiiniumist. Taaskasutatud kogusisaldus: 20% eseme kogukaalust. RCS-sertifikaat tagab taaskasutatud materjalide t\u00e4ielikult sertifitseeritud tarneahela. IP4-klassi t\u00f5ttu on see ilmastikukindel, nii et seda saab h\u00f5lpsasti \u00f5ue kaasa v\u00f5tta. V\u00f5imas pirn loob kuni 100 luumenit ja valgusvihu, mis ulatub kuni 100 meetrini. [&hellip;]<\/p>\n","protected":false},"featured_media":31831,"template":"","meta":{"_acf_changed":false},"product_brand":[],"product_cat":[585,577],"product_tag":[],"class_list":{"0":"post-31808","1":"product","2":"type-product","3":"status-publish","4":"has-post-thumbnail","6":"product_cat-taskulambid","7":"product_cat-tooriistad-ja-taskulambid","8":"pa_varv-must","10":"first","11":"instock","12":"taxable","13":"shipping-taxable","14":"purchasable","15":"product-type-variable","16":"has-default-attributes"},"acf":[],"_links":{"self":[{"href":"https:\/\/fifaa.ee\/en\/wp-json\/wp\/v2\/product\/31808","targetHints":{"allow":["GET"]}}],"collection":[{"href":"https:\/\/fifaa.ee\/en\/wp-json\/wp\/v2\/product"}],"about":[{"href":"https:\/\/fifaa.ee\/en\/wp-json\/wp\/v2\/types\/product"}],"wp:featuredmedia":[{"embeddable":true,"href":"https:\/\/fifaa.ee\/en\/wp-json\/wp\/v2\/media\/31831"}],"wp:attachment":[{"href":"https:\/\/fifaa.ee\/en\/wp-json\/wp\/v2\/media?parent=31808"}],"wp:term":[{"taxonomy":"product_brand","embeddable":true,"href":"https:\/\/fifaa.ee\/en\/wp-json\/wp\/v2\/product_brand?post=31808"},{"taxonomy":"product_cat","embeddable":true,"href":"https:\/\/fifaa.ee\/en\/wp-json\/wp\/v2\/product_cat?post=31808"},{"taxonomy":"product_tag","embeddable":true,"href":"https:\/\/fifaa.ee\/en\/wp-json\/wp\/v2\/product_tag?post=31808"}],"curies":[{"name":"wp","href":"https:\/\/api.w.org\/{rel}","templated":true}]}}