{"id":31809,"date":"2025-01-28T16:19:46","date_gmt":"2025-01-28T14:19:46","guid":{"rendered":"https:\/\/fifaa.ee\/?post_type=product&#038;p=31809"},"modified":"2026-04-01T17:15:14","modified_gmt":"2026-04-01T14:15:14","slug":"gear-x-rcs-taaskasutatud-alumiiniumist-usb-taaslaetav-suur-taskulamp","status":"publish","type":"product","link":"https:\/\/fifaa.ee\/en\/product\/gear-x-rcs-taaskasutatud-alumiiniumist-usb-taaslaetav-suur-taskulamp\/","title":{"rendered":"Gear X RCS recycled aluminum USB-rechargeable torch large"},"content":{"rendered":"<p>Functionality, performance and design come together in this rechargeable 10W flashlight made from RCS-certified recycled aluminum. Total recycled content: 20% of the total weight of the item. RCS certification ensures a fully certified supply chain of recycled materials. With an IP4 rating, it is weatherproof, so you can easily take it outdoors. The powerful bulb creates up to 800 lumens and a beam that reaches up to 500 meters. The flashlight uses a rechargeable Class A battery, so there is no need to change batteries. Simply charge via your USB port and the included RCS-certified recycled Type-C cable. The high-quality bulb has 5 modes, including an SOS function. The 2000 mAh battery allows for up to 8 hours of use on a single charge and also allows you to charge mobile devices via Type-C. Aluminum does not lose its properties during recycling and can be recycled indefinitely. Product and accessories 100% PVC-free. Packed in FSC mixed packaging. Input Type-C 5V, 1A; Output 5V.<\/p>","protected":false},"excerpt":{"rendered":"<p>Funktsionaalsus, j\u00f5udlus ja disain tulevad kokku selles taaslaetavas 10 W taskulambis, mis on valmistatud RCS-sertifikaadiga taaskasutatud alumiiniumist. Taaskasutatud kogusisaldus: 20% eseme kogukaalust. RCS-sertifikaat tagab taaskasutatud materjalide t\u00e4ielikult sertifitseeritud tarneahela. IP4-klassi t\u00f5ttu on see ilmastikukindel, nii et seda saab h\u00f5lpsasti \u00f5ue kaasa v\u00f5tta. V\u00f5imas pirn loob kuni 800 luumenit ja valgusvihku, mis ulatub kuni 500 meetrini. [&hellip;]<\/p>\n","protected":false},"featured_media":31833,"template":"","meta":{"_acf_changed":false},"product_brand":[],"product_cat":[585,577],"product_tag":[],"class_list":{"0":"post-31809","1":"product","2":"type-product","3":"status-publish","4":"has-post-thumbnail","6":"product_cat-taskulambid","7":"product_cat-tooriistad-ja-taskulambid","8":"pa_varv-must","10":"first","11":"instock","12":"taxable","13":"shipping-taxable","14":"purchasable","15":"product-type-variable","16":"has-default-attributes"},"acf":[],"_links":{"self":[{"href":"https:\/\/fifaa.ee\/en\/wp-json\/wp\/v2\/product\/31809","targetHints":{"allow":["GET"]}}],"collection":[{"href":"https:\/\/fifaa.ee\/en\/wp-json\/wp\/v2\/product"}],"about":[{"href":"https:\/\/fifaa.ee\/en\/wp-json\/wp\/v2\/types\/product"}],"wp:featuredmedia":[{"embeddable":true,"href":"https:\/\/fifaa.ee\/en\/wp-json\/wp\/v2\/media\/31833"}],"wp:attachment":[{"href":"https:\/\/fifaa.ee\/en\/wp-json\/wp\/v2\/media?parent=31809"}],"wp:term":[{"taxonomy":"product_brand","embeddable":true,"href":"https:\/\/fifaa.ee\/en\/wp-json\/wp\/v2\/product_brand?post=31809"},{"taxonomy":"product_cat","embeddable":true,"href":"https:\/\/fifaa.ee\/en\/wp-json\/wp\/v2\/product_cat?post=31809"},{"taxonomy":"product_tag","embeddable":true,"href":"https:\/\/fifaa.ee\/en\/wp-json\/wp\/v2\/product_tag?post=31809"}],"curies":[{"name":"wp","href":"https:\/\/api.w.org\/{rel}","templated":true}]}}