{"id":31811,"date":"2025-01-28T16:19:46","date_gmt":"2025-01-28T14:19:46","guid":{"rendered":"https:\/\/fifaa.ee\/?post_type=product&#038;p=31811"},"modified":"2026-04-01T17:15:37","modified_gmt":"2026-04-01T14:15:37","slug":"zenic-rcs-taaskasutatud-plastikust-usb-taaslaetav-laualamp","status":"publish","type":"product","link":"https:\/\/fifaa.ee\/en\/product\/zenic-rcs-taaskasutatud-plastikust-usb-taaslaetav-laualamp\/","title":{"rendered":"Zenic RCS recycled plastic USB rechargeable table lamp"},"content":{"rendered":"<p>A trendy rechargeable and portable table lamp that looks great on your desk or in your living room. Made from RCS-certified recycled ABS and metal rod. Total recycled content: 51% of the total weight of the item. RCS certification ensures a fully certified supply chain of recycled materials. The table lamp works for up to 8 hours on a single charge and can be recharged in 3 hours. Integrated with a 1200 mAh class A battery, three modes (warm light, white light and neutral) that can be adjusted by touching the top of the lamp. Rechargeable via USB-C, including 80 cm recycled TPE charging cable. Packed in FSC\u00ae mixed packaging. PVC free.<\/p>","protected":false},"excerpt":{"rendered":"<p>Trendikas taaslaetav ja kaasaskantav laualamp, mis n\u00e4eb hea v\u00e4lja nii teie laual kui ka elutoas. Valmistatud RCS-sertifikaadiga taaskasutatud ABS-ist ja metallvardast. Taaskasutatud kogusisaldus: 51% eseme kogukaalust. RCS-sertifikaat tagab taaskasutatud materjalide t\u00e4ielikult sertifitseeritud tarneahela. Laualamp t\u00f6\u00f6tab \u00fche laadimisega kuni 8 tundi ja seda saab uuesti laadida 3 tunniga. Integreeritud 1200 mah A-klassi akuga, kolme re\u017eiimiga (soe [&hellip;]<\/p>\n","protected":false},"featured_media":31837,"template":"","meta":{"_acf_changed":false},"product_brand":[],"product_cat":[638,577],"product_tag":[659],"class_list":{"0":"post-31811","1":"product","2":"type-product","3":"status-publish","4":"has-post-thumbnail","6":"product_cat-laualambid","7":"product_cat-tooriistad-ja-taskulambid","8":"product_tag-more-colors","9":"pa_varv-must","10":"pa_varv-valge-new","12":"first","13":"instock","14":"taxable","15":"shipping-taxable","16":"purchasable","17":"product-type-variable","18":"has-default-attributes"},"acf":[],"_links":{"self":[{"href":"https:\/\/fifaa.ee\/en\/wp-json\/wp\/v2\/product\/31811","targetHints":{"allow":["GET"]}}],"collection":[{"href":"https:\/\/fifaa.ee\/en\/wp-json\/wp\/v2\/product"}],"about":[{"href":"https:\/\/fifaa.ee\/en\/wp-json\/wp\/v2\/types\/product"}],"wp:featuredmedia":[{"embeddable":true,"href":"https:\/\/fifaa.ee\/en\/wp-json\/wp\/v2\/media\/31837"}],"wp:attachment":[{"href":"https:\/\/fifaa.ee\/en\/wp-json\/wp\/v2\/media?parent=31811"}],"wp:term":[{"taxonomy":"product_brand","embeddable":true,"href":"https:\/\/fifaa.ee\/en\/wp-json\/wp\/v2\/product_brand?post=31811"},{"taxonomy":"product_cat","embeddable":true,"href":"https:\/\/fifaa.ee\/en\/wp-json\/wp\/v2\/product_cat?post=31811"},{"taxonomy":"product_tag","embeddable":true,"href":"https:\/\/fifaa.ee\/en\/wp-json\/wp\/v2\/product_tag?post=31811"}],"curies":[{"name":"wp","href":"https:\/\/api.w.org\/{rel}","templated":true}]}}