{"id":31813,"date":"2025-01-28T16:19:46","date_gmt":"2025-01-28T14:19:46","guid":{"rendered":"https:\/\/fifaa.ee\/?post_type=product&#038;p=31813"},"modified":"2026-04-01T17:15:37","modified_gmt":"2026-04-01T14:15:37","slug":"globix-rcs-taaskasutatud-plastist-usb-taaslaetav-votmehoidja-taskulamp","status":"publish","type":"product","link":"https:\/\/fifaa.ee\/en\/product\/globix-rcs-taaskasutatud-plastist-usb-taaslaetav-votmehoidja-taskulamp\/","title":{"rendered":"Globix RCS recycled plastic USB re-chargeable keychain torch"},"content":{"rendered":"<p>USB rechargeable keychain flashlight made from RCS recycled ABS. 1 LED keychain supports up to 3 hours of use on a single charge. When it is discharged, it can be easily recharged via the Type-C input. With 155 mAh battery. The flashlight has 3 light modes (strong, medium and flashing) Beam distance up to 10 meters. Packed in a plastic FSC mixed box. Total recycled content: 33% of the total weight of the item. RCS certification ensures a fully certified supply chain of recycled materials. PVC free. Recycled TPE Type-C charging cable included.<\/p>","protected":false},"excerpt":{"rendered":"<p>USB-taaslaetav v\u00f5tmehoidja taskulamp, mis on valmistatud RCS-i taaskasutatud ABS-ist. 1 LED-v\u00f5tmehoidja toetab kuni 3 tundi kasutamist \u00fche laadimisega. Kui see on t\u00fchjenenud, saab seda h\u00f5lpsasti laadida C-t\u00fc\u00fcpi sisendi kaudu. 155 mAh akuga. Taskul on 3 valgusre\u017eiimi (tugev, keskmine ja vilkuv) Kiirkaugus kuni 10 meetrit. Pakitud plastikust FSC segukarpi. Taaskasutatud kogusisaldus: 33% eseme kogukaalust. RCS-sertifikaat tagab [&hellip;]<\/p>\n","protected":false},"featured_media":31847,"template":"","meta":{"_acf_changed":false},"product_brand":[],"product_cat":[585,577],"product_tag":[],"class_list":{"0":"post-31813","1":"product","2":"type-product","3":"status-publish","4":"has-post-thumbnail","6":"product_cat-taskulambid","7":"product_cat-tooriistad-ja-taskulambid","8":"pa_varv-must","10":"first","11":"instock","12":"taxable","13":"shipping-taxable","14":"purchasable","15":"product-type-variable","16":"has-default-attributes"},"acf":[],"_links":{"self":[{"href":"https:\/\/fifaa.ee\/en\/wp-json\/wp\/v2\/product\/31813","targetHints":{"allow":["GET"]}}],"collection":[{"href":"https:\/\/fifaa.ee\/en\/wp-json\/wp\/v2\/product"}],"about":[{"href":"https:\/\/fifaa.ee\/en\/wp-json\/wp\/v2\/types\/product"}],"wp:featuredmedia":[{"embeddable":true,"href":"https:\/\/fifaa.ee\/en\/wp-json\/wp\/v2\/media\/31847"}],"wp:attachment":[{"href":"https:\/\/fifaa.ee\/en\/wp-json\/wp\/v2\/media?parent=31813"}],"wp:term":[{"taxonomy":"product_brand","embeddable":true,"href":"https:\/\/fifaa.ee\/en\/wp-json\/wp\/v2\/product_brand?post=31813"},{"taxonomy":"product_cat","embeddable":true,"href":"https:\/\/fifaa.ee\/en\/wp-json\/wp\/v2\/product_cat?post=31813"},{"taxonomy":"product_tag","embeddable":true,"href":"https:\/\/fifaa.ee\/en\/wp-json\/wp\/v2\/product_tag?post=31813"}],"curies":[{"name":"wp","href":"https:\/\/api.w.org\/{rel}","templated":true}]}}