{"id":31850,"date":"2025-01-28T16:20:05","date_gmt":"2025-01-28T14:20:05","guid":{"rendered":"https:\/\/fifaa.ee\/product\/zenara-rcs-taaskasutatud-plastikust-ja-korgist-15-w-juhtmevaba-laualamp\/"},"modified":"2026-04-01T17:16:04","modified_gmt":"2026-04-01T14:16:04","slug":"zenara-rcs-taaskasutatud-plastikust-ja-korgist-15-w-juhtmevaba-laualamp","status":"publish","type":"product","link":"https:\/\/fifaa.ee\/en\/product\/zenara-rcs-taaskasutatud-plastikust-ja-korgist-15-w-juhtmevaba-laualamp\/","title":{"rendered":"Zenara RCS recycled plastic and cork 15W wireless desk lamp"},"content":{"rendered":"<p>Ultra-thin 15W wireless charger with integrated desk lamp. The flexible desk lamp provides 55 lumens and has 3 light modes (warm, white and hybrid). Made from RCS recycled ABS, recycled PC and FSC cork. Wireless charging is compatible with the latest generations of Android, iPhone 8 and above. Product and accessories PVC-free. Including 120 cm Type-C charging cable made from RCS certified recycled TPE. Packed in FSC\u00ae mix kraft box. Type-C in; Input 5V\/2A; 9V\/2A;12V\/1.5A; Wireless output 5V\/1A;9V\/1.1A; 9V\/1.67A (15W) Total recycled content: 36% of the total weight of the product. RCS certification ensures a fully certified supply chain of recycled materials.<\/p>","protected":false},"excerpt":{"rendered":"<p>\u00dcliire 15 W juhtmevaba laadija integreeritud laualambiga. Painduv laualamp annab 55 luumenit ja sellel on 3 valgusre\u017eiimi (soe, valge ja h\u00fcbriid) Valmistatud RCS-i ringlussev\u00f5etud ABS-ist, taaskasutatud arvutist ja FSC korgist. Juhtmeta laadimine \u00fchildub Androidi uusimate p\u00f5lvkondade, iPhone 8 ja uuemate versioonidega. Toode ja tarvikud PVC-vaba. Kaasa arvatud 120 cm C-t\u00fc\u00fcpi laadimiskaabel, mis on valmistatud RCS-sertifikaadiga [&hellip;]<\/p>\n","protected":false},"featured_media":31849,"template":"","meta":{"_acf_changed":false},"product_brand":[],"product_cat":[589,647],"product_tag":[],"class_list":{"0":"post-31850","1":"product","2":"type-product","3":"status-publish","4":"has-post-thumbnail","6":"product_cat-elektroonika","7":"product_cat-juhtmevabad-laadijad","8":"pa_varv-valge-new","10":"first","11":"instock","12":"taxable","13":"shipping-taxable","14":"purchasable","15":"product-type-variable","16":"has-default-attributes"},"acf":[],"_links":{"self":[{"href":"https:\/\/fifaa.ee\/en\/wp-json\/wp\/v2\/product\/31850","targetHints":{"allow":["GET"]}}],"collection":[{"href":"https:\/\/fifaa.ee\/en\/wp-json\/wp\/v2\/product"}],"about":[{"href":"https:\/\/fifaa.ee\/en\/wp-json\/wp\/v2\/types\/product"}],"wp:featuredmedia":[{"embeddable":true,"href":"https:\/\/fifaa.ee\/en\/wp-json\/wp\/v2\/media\/31849"}],"wp:attachment":[{"href":"https:\/\/fifaa.ee\/en\/wp-json\/wp\/v2\/media?parent=31850"}],"wp:term":[{"taxonomy":"product_brand","embeddable":true,"href":"https:\/\/fifaa.ee\/en\/wp-json\/wp\/v2\/product_brand?post=31850"},{"taxonomy":"product_cat","embeddable":true,"href":"https:\/\/fifaa.ee\/en\/wp-json\/wp\/v2\/product_cat?post=31850"},{"taxonomy":"product_tag","embeddable":true,"href":"https:\/\/fifaa.ee\/en\/wp-json\/wp\/v2\/product_tag?post=31850"}],"curies":[{"name":"wp","href":"https:\/\/api.w.org\/{rel}","templated":true}]}}