{"id":31852,"date":"2025-01-28T16:20:05","date_gmt":"2025-01-28T14:20:05","guid":{"rendered":"https:\/\/fifaa.ee\/?post_type=product&#038;p=31852"},"modified":"2026-04-01T17:16:24","modified_gmt":"2026-04-01T14:16:24","slug":"gear-x-taaslaetav-ulihele-votmehoidja-taskulamp","status":"publish","type":"product","link":"https:\/\/fifaa.ee\/en\/product\/gear-x-taaslaetav-ulihele-votmehoidja-taskulamp\/","title":{"rendered":"Gear X rechargeable ultra bright keychain torch"},"content":{"rendered":"<p>Ultra-bright pocket-sized flashlight made from RCS recycled aluminum Total recycled content: 58% of the total weight of the item. RCS certification ensures a fully certified supply chain of recycled materials. The flashlight has a super bright 120 lumen XTE LED that creates a beam of light up to 30 meters away. The flashlight has a 200 mAh Class A lithium battery that provides up to 1 hour of runtime with a fast charge via USB-C in under 1 hour. The torch is IPX 4 waterproof, so it is also suitable for use in bad weather conditions. The flashlight has 3 modes: 100%\/50% and flashing. Packaged in a plastic-free FSC gift box. Includes a recycled TPE USB C charging cable.<\/p>","protected":false},"excerpt":{"rendered":"<p>RCS-i taaskasutatud alumiiniumist valmistatud \u00fclihele taskusuurune taskulamp Kogu taaskasutatud sisaldus: 58% eseme kogukaalust. RCS-sertifikaat tagab taaskasutatud materjalide t\u00e4ielikult sertifitseeritud tarneahela. Taskul on \u00fclihele 120-luumeniline XTE LED-tuli, mis loob valgusvihu kuni 30 meetri kaugusele. Taskul on 200 mah A-klassi liitiumaku, mis tagab t\u00f6\u00f6aega kuni 1 tund koos kiire laadimisega USB-C kaudu alla 1 tunni. P\u00f5leti on [&hellip;]<\/p>\n","protected":false},"featured_media":31874,"template":"","meta":{"_acf_changed":false},"product_brand":[],"product_cat":[585,577],"product_tag":[],"class_list":{"0":"post-31852","1":"product","2":"type-product","3":"status-publish","4":"has-post-thumbnail","6":"product_cat-taskulambid","7":"product_cat-tooriistad-ja-taskulambid","8":"pa_varv-must","10":"first","11":"instock","12":"taxable","13":"shipping-taxable","14":"purchasable","15":"product-type-variable","16":"has-default-attributes"},"acf":[],"_links":{"self":[{"href":"https:\/\/fifaa.ee\/en\/wp-json\/wp\/v2\/product\/31852","targetHints":{"allow":["GET"]}}],"collection":[{"href":"https:\/\/fifaa.ee\/en\/wp-json\/wp\/v2\/product"}],"about":[{"href":"https:\/\/fifaa.ee\/en\/wp-json\/wp\/v2\/types\/product"}],"wp:featuredmedia":[{"embeddable":true,"href":"https:\/\/fifaa.ee\/en\/wp-json\/wp\/v2\/media\/31874"}],"wp:attachment":[{"href":"https:\/\/fifaa.ee\/en\/wp-json\/wp\/v2\/media?parent=31852"}],"wp:term":[{"taxonomy":"product_brand","embeddable":true,"href":"https:\/\/fifaa.ee\/en\/wp-json\/wp\/v2\/product_brand?post=31852"},{"taxonomy":"product_cat","embeddable":true,"href":"https:\/\/fifaa.ee\/en\/wp-json\/wp\/v2\/product_cat?post=31852"},{"taxonomy":"product_tag","embeddable":true,"href":"https:\/\/fifaa.ee\/en\/wp-json\/wp\/v2\/product_tag?post=31852"}],"curies":[{"name":"wp","href":"https:\/\/api.w.org\/{rel}","templated":true}]}}