{"id":31854,"date":"2025-01-28T16:20:05","date_gmt":"2025-01-28T14:20:05","guid":{"rendered":"https:\/\/fifaa.ee\/?post_type=product&#038;p=31854"},"modified":"2026-04-01T17:16:24","modified_gmt":"2026-04-01T14:16:24","slug":"cob-ja-led-esituli","status":"publish","type":"product","link":"https:\/\/fifaa.ee\/en\/product\/cob-ja-led-esituli\/","title":{"rendered":"COB and LED headlight"},"content":{"rendered":"<p>Dual-head flashlight with both COB and LED flashlight. The 180 lumen COB light is perfect for illuminating close-up areas with bright light. Switch to the 90 lumen LED light to highlight more distant areas (up to 80 meters). Both lights have three modes: bright, dim and flashing. With an adjustable elastic 42 cm headband to wear the item on your head or helmet. Made of ABS. Run time 3 hours. Batteries for direct use included.<\/p>","protected":false},"excerpt":{"rendered":"<p>Kahe peaga taskulamp nii COB- kui ka LED-taskulambiga. 180 luumenine COB-valgusti sobib suurep\u00e4raselt l\u00e4hedalasuvate alade valgustamiseks ereda valgusega. L\u00fclituge 90-luumenilisele LED-tulele, et t\u00f5sta esile kaugemad (kuni 80 meetrit) alad. M\u00f5lemal tulel on kolm re\u017eiimi: hele, h\u00e4mar ja vilkuv. Reguleeritava elastse 42 cm peapaelaga, et kanda eset peas v\u00f5i kiivris. Valmistatud ABS-st. T\u00f6\u00f6aeg 3 tundi. Kaasa [&hellip;]<\/p>\n","protected":false},"featured_media":31878,"template":"","meta":{"_acf_changed":false},"product_brand":[],"product_cat":[585,577],"product_tag":[],"class_list":{"0":"post-31854","1":"product","2":"type-product","3":"status-publish","4":"has-post-thumbnail","6":"product_cat-taskulambid","7":"product_cat-tooriistad-ja-taskulambid","8":"pa_varv-must","10":"first","11":"instock","12":"taxable","13":"shipping-taxable","14":"purchasable","15":"product-type-variable","16":"has-default-attributes"},"acf":[],"_links":{"self":[{"href":"https:\/\/fifaa.ee\/en\/wp-json\/wp\/v2\/product\/31854","targetHints":{"allow":["GET"]}}],"collection":[{"href":"https:\/\/fifaa.ee\/en\/wp-json\/wp\/v2\/product"}],"about":[{"href":"https:\/\/fifaa.ee\/en\/wp-json\/wp\/v2\/types\/product"}],"wp:featuredmedia":[{"embeddable":true,"href":"https:\/\/fifaa.ee\/en\/wp-json\/wp\/v2\/media\/31878"}],"wp:attachment":[{"href":"https:\/\/fifaa.ee\/en\/wp-json\/wp\/v2\/media?parent=31854"}],"wp:term":[{"taxonomy":"product_brand","embeddable":true,"href":"https:\/\/fifaa.ee\/en\/wp-json\/wp\/v2\/product_brand?post=31854"},{"taxonomy":"product_cat","embeddable":true,"href":"https:\/\/fifaa.ee\/en\/wp-json\/wp\/v2\/product_cat?post=31854"},{"taxonomy":"product_tag","embeddable":true,"href":"https:\/\/fifaa.ee\/en\/wp-json\/wp\/v2\/product_tag?post=31854"}],"curies":[{"name":"wp","href":"https:\/\/api.w.org\/{rel}","templated":true}]}}