{"id":32134,"date":"2025-01-28T16:22:21","date_gmt":"2025-01-28T14:22:21","guid":{"rendered":"https:\/\/fifaa.ee\/?post_type=product&#038;p=32134"},"modified":"2026-04-01T17:22:07","modified_gmt":"2026-04-01T14:22:07","slug":"swiss-peak-cedar-rcs-sertifitseeritud-taaskasutatud-alumiiniumist-pliiats","status":"publish","type":"product","link":"https:\/\/fifaa.ee\/en\/product\/swiss-peak-cedar-rcs-sertifitseeritud-taaskasutatud-alumiiniumist-pliiats\/","title":{"rendered":"Swiss Peak Cedar RCS certified recycled aluminum pen"},"content":{"rendered":"<p>The Cedar RCS Certified Recycled Aluminum Pen is the perfect combination of low impact and style. Made from recycled aluminum, the pen not only looks great, but also helps reduce environmental impact. Its sleek, modern design is sure to impress, making it the perfect writing instrument for any occasion. Guaranteed 1200 meters of smooth writing experience with blue document ink. Made from RCS (Recycled Claim Standard) certified recycled materials. RCS certification ensures a fully certified supply chain of recycled materials. Total recycled content: 17% of the total weight of the item. FSC\u00ae-certified packaging included.<\/p>","protected":false},"excerpt":{"rendered":"<p>Cedar RCS sertifikaadiga taaskasutatud alumiiniumist pliiats on t\u00e4iuslik kombinatsioon madalast m\u00f5just ja stiilist. Taaskasutatud alumiiniumist valmistatud pliiats ei n\u00e4e mitte ainult suurep\u00e4rane v\u00e4lja, vaid aitab v\u00e4hendada ka keskkonnam\u00f5ju. Selle klanitud ja kaasaegne disain avaldab kindlasti muljet, muutes selle ideaalseks kirjutusvahendiks igaks s\u00fcndmuseks. Garanteeritud 1200 meetri sujuv kirjutamiskogemus sinise dokumenditindiga. Valmistatud RCS (Recycled Claim Standard) sertifitseeritud [&hellip;]<\/p>\n","protected":false},"featured_media":32159,"template":"","meta":{"_acf_changed":false},"product_brand":[],"product_cat":[601,603],"product_tag":[659],"class_list":{"0":"post-32134","1":"product","2":"type-product","3":"status-publish","4":"has-post-thumbnail","6":"product_cat-kirjutusvahendid","7":"product_cat-metallist-pastakad","8":"product_tag-more-colors","9":"pa_varv-must","11":"first","12":"instock","13":"taxable","14":"shipping-taxable","15":"purchasable","16":"product-type-variable","17":"has-default-attributes"},"acf":[],"_links":{"self":[{"href":"https:\/\/fifaa.ee\/en\/wp-json\/wp\/v2\/product\/32134","targetHints":{"allow":["GET"]}}],"collection":[{"href":"https:\/\/fifaa.ee\/en\/wp-json\/wp\/v2\/product"}],"about":[{"href":"https:\/\/fifaa.ee\/en\/wp-json\/wp\/v2\/types\/product"}],"wp:featuredmedia":[{"embeddable":true,"href":"https:\/\/fifaa.ee\/en\/wp-json\/wp\/v2\/media\/32159"}],"wp:attachment":[{"href":"https:\/\/fifaa.ee\/en\/wp-json\/wp\/v2\/media?parent=32134"}],"wp:term":[{"taxonomy":"product_brand","embeddable":true,"href":"https:\/\/fifaa.ee\/en\/wp-json\/wp\/v2\/product_brand?post=32134"},{"taxonomy":"product_cat","embeddable":true,"href":"https:\/\/fifaa.ee\/en\/wp-json\/wp\/v2\/product_cat?post=32134"},{"taxonomy":"product_tag","embeddable":true,"href":"https:\/\/fifaa.ee\/en\/wp-json\/wp\/v2\/product_tag?post=32134"}],"curies":[{"name":"wp","href":"https:\/\/api.w.org\/{rel}","templated":true}]}}