{"id":32136,"date":"2025-01-28T16:22:21","date_gmt":"2025-01-28T14:22:21","guid":{"rendered":"https:\/\/fifaa.ee\/?post_type=product&#038;p=32136"},"modified":"2026-04-01T17:22:29","modified_gmt":"2026-04-01T14:22:29","slug":"amisk-rcs-sertifikaadiga-taaskasutatud-alumiiniumist-pliiats","status":"publish","type":"product","link":"https:\/\/fifaa.ee\/en\/product\/amisk-rcs-sertifikaadiga-taaskasutatud-alumiiniumist-pliiats\/","title":{"rendered":"Amisk RCS certified recycled aluminum pen"},"content":{"rendered":"<p>The Amisk RCS Certified Recycled Aluminum Pen is the perfect combination of elegant and modern style. Made from recycled aluminum, the pen not only looks great, but also helps reduce environmental impact. It is the perfect writing instrument for any occasion. Guaranteed 1200 meters of smooth writing experience with blue document ink. Made from RCS (Recycled Claim Standard) certified recycled materials. RCS certification ensures a fully certified supply chain of recycled materials. Total recycled content: 23% of the total weight of the item.<\/p>","protected":false},"excerpt":{"rendered":"<p>Amisk RCS sertifikaadiga taaskasutatud alumiiniumist pliiats on t\u00e4iuslik kombinatsioon elegantsest ja kaasaegsest stiilist. Taaskasutatud alumiiniumist valmistatud pliiats ei n\u00e4e mitte ainult suurep\u00e4rane v\u00e4lja, vaid aitab v\u00e4hendada ka keskkonnam\u00f5ju. See on ideaalne kirjutusvahend igaks s\u00fcndmuseks. Garanteeritud 1200 meetri sujuv kirjutamiskogemus sinise dokumenditindiga. Valmistatud RCS (Recycled Claim Standard) sertifitseeritud taaskasutatud materjalidest. RCS-sertifikaat tagab taaskasutatud materjalide t\u00e4ielikult sertifitseeritud [&hellip;]<\/p>\n","protected":false},"featured_media":32167,"template":"","meta":{"_acf_changed":false},"product_brand":[],"product_cat":[601,603],"product_tag":[659],"class_list":{"0":"post-32136","1":"product","2":"type-product","3":"status-publish","4":"has-post-thumbnail","6":"product_cat-kirjutusvahendid","7":"product_cat-metallist-pastakad","8":"product_tag-more-colors","9":"pa_varv-must","10":"pa_varv-roheline","11":"pa_varv-sinine","12":"pa_varv-valge-new","14":"first","15":"instock","16":"taxable","17":"shipping-taxable","18":"purchasable","19":"product-type-variable","20":"has-default-attributes"},"acf":[],"_links":{"self":[{"href":"https:\/\/fifaa.ee\/en\/wp-json\/wp\/v2\/product\/32136","targetHints":{"allow":["GET"]}}],"collection":[{"href":"https:\/\/fifaa.ee\/en\/wp-json\/wp\/v2\/product"}],"about":[{"href":"https:\/\/fifaa.ee\/en\/wp-json\/wp\/v2\/types\/product"}],"wp:featuredmedia":[{"embeddable":true,"href":"https:\/\/fifaa.ee\/en\/wp-json\/wp\/v2\/media\/32167"}],"wp:attachment":[{"href":"https:\/\/fifaa.ee\/en\/wp-json\/wp\/v2\/media?parent=32136"}],"wp:term":[{"taxonomy":"product_brand","embeddable":true,"href":"https:\/\/fifaa.ee\/en\/wp-json\/wp\/v2\/product_brand?post=32136"},{"taxonomy":"product_cat","embeddable":true,"href":"https:\/\/fifaa.ee\/en\/wp-json\/wp\/v2\/product_cat?post=32136"},{"taxonomy":"product_tag","embeddable":true,"href":"https:\/\/fifaa.ee\/en\/wp-json\/wp\/v2\/product_tag?post=32136"}],"curies":[{"name":"wp","href":"https:\/\/api.w.org\/{rel}","templated":true}]}}