{"id":32183,"date":"2025-01-28T16:22:48","date_gmt":"2025-01-28T14:22:48","guid":{"rendered":"https:\/\/fifaa.ee\/?post_type=product&#038;p=32183"},"modified":"2026-04-01T17:23:46","modified_gmt":"2026-04-01T14:23:46","slug":"kymi-rcs-sertifikaadiga-taaskasutatud-alumiiniumist-pliiats-koos-pliiatsiga","status":"publish","type":"product","link":"https:\/\/fifaa.ee\/en\/product\/kymi-rcs-sertifikaadiga-taaskasutatud-alumiiniumist-pliiats-koos-pliiatsiga\/","title":{"rendered":"Kymi RCS certified recycled aluminum pen with stylus"},"content":{"rendered":"<p>Kymi RCS certified recycled aluminum pen seamlessly combines style and functionality, making them a great choice for your writing needs. With twist mechanism and blue ink. Writing width 1mm, writing length 700 meters. With a pen. Total recycled content by weight of the item: 27%<\/p>","protected":false},"excerpt":{"rendered":"<p>Kymi RCS sertifikaadiga taaskasutatud alumiiniumist pliiats \u00fchendab stiili ja funktsionaalsuse sujuvalt, muutes need suurep\u00e4raseks valikuks teie kirjutamisvajaduste jaoks. P\u00f6\u00f6rdemehhanismiga ja sinise kirjav\u00e4rviga. Kirjutuslaius 1mm, kirjutuspikkus 700 meetrit. Pliiatsiga. Kogu taaskasutatud sisaldus kauba kaalu alusel: 27%<\/p>","protected":false},"featured_media":32214,"template":"","meta":{"_acf_changed":false},"product_brand":[],"product_cat":[601,603],"product_tag":[659],"class_list":{"0":"post-32183","1":"product","2":"type-product","3":"status-publish","4":"has-post-thumbnail","6":"product_cat-kirjutusvahendid","7":"product_cat-metallist-pastakad","8":"product_tag-more-colors","9":"pa_varv-must","10":"pa_varv-sinine","11":"pa_varv-valge-new","13":"first","14":"instock","15":"taxable","16":"shipping-taxable","17":"purchasable","18":"product-type-variable","19":"has-default-attributes"},"acf":[],"_links":{"self":[{"href":"https:\/\/fifaa.ee\/en\/wp-json\/wp\/v2\/product\/32183","targetHints":{"allow":["GET"]}}],"collection":[{"href":"https:\/\/fifaa.ee\/en\/wp-json\/wp\/v2\/product"}],"about":[{"href":"https:\/\/fifaa.ee\/en\/wp-json\/wp\/v2\/types\/product"}],"wp:featuredmedia":[{"embeddable":true,"href":"https:\/\/fifaa.ee\/en\/wp-json\/wp\/v2\/media\/32214"}],"wp:attachment":[{"href":"https:\/\/fifaa.ee\/en\/wp-json\/wp\/v2\/media?parent=32183"}],"wp:term":[{"taxonomy":"product_brand","embeddable":true,"href":"https:\/\/fifaa.ee\/en\/wp-json\/wp\/v2\/product_brand?post=32183"},{"taxonomy":"product_cat","embeddable":true,"href":"https:\/\/fifaa.ee\/en\/wp-json\/wp\/v2\/product_cat?post=32183"},{"taxonomy":"product_tag","embeddable":true,"href":"https:\/\/fifaa.ee\/en\/wp-json\/wp\/v2\/product_tag?post=32183"}],"curies":[{"name":"wp","href":"https:\/\/api.w.org\/{rel}","templated":true}]}}