{"id":32184,"date":"2025-01-28T16:22:48","date_gmt":"2025-01-28T14:22:48","guid":{"rendered":"https:\/\/fifaa.ee\/?post_type=product&#038;p=32184"},"modified":"2026-04-01T17:23:46","modified_gmt":"2026-04-01T14:23:46","slug":"swiss-peak-storm-rcs-taaskasutatud-alumiiniumist-kahe-otsaga-pliiats","status":"publish","type":"product","link":"https:\/\/fifaa.ee\/en\/product\/swiss-peak-storm-rcs-taaskasutatud-alumiiniumist-kahe-otsaga-pliiats\/","title":{"rendered":"Swiss Peak Storm RCS recycled aluminum dual tip pen"},"content":{"rendered":"<p>Experience great writing with this exceptional RCS-certified recycled aluminum pen. It combines style and low impact with 83% recycled RCS-certified aluminum content. The pen has two ends - one side has a graphite tip and the other side is a ballpoint pen, ensuring smooth and precise writing with blue ink. Writing width 1mm, writing length 1200 meters. Its unique design breathes sophistication. Packaged in an FSC\u00ae mix black Swiss Peak gift box. Total recycled content by weight of item: 83%<\/p>","protected":false},"excerpt":{"rendered":"<p>Kogege suurep\u00e4rast kirjutamist selle erakordse RCS-sertifikaadiga taaskasutatud alumiiniumist valmistatud pliiatsiga. See \u00fchendab stiili ja v\u00e4hese m\u00f5ju 83% taaskasutatud RCS-i taaskasutatud sertifitseeritud alumiiniumisisaldusega. Pliiatsil on kaks otsa \u2013 \u00fchel k\u00fcljel on grafiidiots ja teisel pool pastapliiats, mis tagab sinise tindiga sujuva ja t\u00e4pse kirjutamise. Kirjutuslaius 1mm, kirjutuspikkus 1200 meetrit. Selle ainulaadne disain hingab keerukust. Pakendatud FSC\u00ae [&hellip;]<\/p>\n","protected":false},"featured_media":32222,"template":"","meta":{"_acf_changed":false},"product_brand":[],"product_cat":[601,603],"product_tag":[],"class_list":{"0":"post-32184","1":"product","2":"type-product","3":"status-publish","4":"has-post-thumbnail","6":"product_cat-kirjutusvahendid","7":"product_cat-metallist-pastakad","8":"pa_varv-must","10":"first","11":"instock","12":"taxable","13":"shipping-taxable","14":"purchasable","15":"product-type-variable","16":"has-default-attributes"},"acf":[],"_links":{"self":[{"href":"https:\/\/fifaa.ee\/en\/wp-json\/wp\/v2\/product\/32184","targetHints":{"allow":["GET"]}}],"collection":[{"href":"https:\/\/fifaa.ee\/en\/wp-json\/wp\/v2\/product"}],"about":[{"href":"https:\/\/fifaa.ee\/en\/wp-json\/wp\/v2\/types\/product"}],"wp:featuredmedia":[{"embeddable":true,"href":"https:\/\/fifaa.ee\/en\/wp-json\/wp\/v2\/media\/32222"}],"wp:attachment":[{"href":"https:\/\/fifaa.ee\/en\/wp-json\/wp\/v2\/media?parent=32184"}],"wp:term":[{"taxonomy":"product_brand","embeddable":true,"href":"https:\/\/fifaa.ee\/en\/wp-json\/wp\/v2\/product_brand?post=32184"},{"taxonomy":"product_cat","embeddable":true,"href":"https:\/\/fifaa.ee\/en\/wp-json\/wp\/v2\/product_cat?post=32184"},{"taxonomy":"product_tag","embeddable":true,"href":"https:\/\/fifaa.ee\/en\/wp-json\/wp\/v2\/product_tag?post=32184"}],"curies":[{"name":"wp","href":"https:\/\/api.w.org\/{rel}","templated":true}]}}