{"id":32227,"date":"2025-01-28T16:23:08","date_gmt":"2025-01-28T14:23:08","guid":{"rendered":"https:\/\/fifaa.ee\/?post_type=product&#038;p=32227"},"modified":"2026-04-01T17:25:31","modified_gmt":"2026-04-01T14:25:31","slug":"swiss-peak-luca-rcs-taaskasutatud-messingist-luksuslik-pliiatsikomplekt","status":"publish","type":"product","link":"https:\/\/fifaa.ee\/en\/product\/swiss-peak-luca-rcs-taaskasutatud-messingist-luksuslik-pliiatsikomplekt\/","title":{"rendered":"Swiss Peak Luca RCS recycled brass deluxe pen set"},"content":{"rendered":"<p>Elevate your writing experience with the Swiss Peak Luca RCS Recycled Brass Deluxe Pen Set. Designed with sophistication in mind, this set features elegant black pens with gold accents, including the cap, top ring, clip, middle ring and nib. The 55% RCS-certified recycled brass pens offer both elegance and sustainability. The ballpoint pen operates with a twist mechanism and includes a blue ink refill with a width of 1.0 mm for up to 1200 m. The cap pen features blue gel ink that allows for 800 m of smooth writing at the same 1.0 mm width. Both pens are finished with a steel clip and engraved with the Swiss Peak logo on the middle ring. Presented in a premium gift box, this set exudes luxury and style.<\/p>","protected":false},"excerpt":{"rendered":"<p>Suurendage oma kirjutamiskogemust Swiss Peak Luca RCS taaskasutatud messingist Deluxe pliiatsikomplektiga. See komplekt on loodud keerukust silmas pidades ning sellel on elegantsed mustad kuldsete aktsentidega pliiatsid, sealhulgas \u00fclemine osa, \u00fclemine r\u00f5ngas, klamber, keskmine r\u00f5ngas ja ots. 55% RCS-sertifikaadiga taaskasutatud messingist valmistatud pliiatsid pakuvad nii elegantsi kui ka j\u00e4tkusuutlikkust. Pastapliiats t\u00f6\u00f6tab keeratava mehhanismiga ja sisaldab sinise [&hellip;]<\/p>\n","protected":false},"featured_media":32276,"template":"","meta":{"_acf_changed":false},"product_brand":[],"product_cat":[601,602],"product_tag":[],"class_list":{"0":"post-32227","1":"product","2":"type-product","3":"status-publish","4":"has-post-thumbnail","6":"product_cat-kirjutusvahendid","7":"product_cat-pastakate-komplektid","8":"pa_varv-must","10":"first","11":"instock","12":"taxable","13":"shipping-taxable","14":"purchasable","15":"product-type-variable","16":"has-default-attributes"},"acf":[],"_links":{"self":[{"href":"https:\/\/fifaa.ee\/en\/wp-json\/wp\/v2\/product\/32227","targetHints":{"allow":["GET"]}}],"collection":[{"href":"https:\/\/fifaa.ee\/en\/wp-json\/wp\/v2\/product"}],"about":[{"href":"https:\/\/fifaa.ee\/en\/wp-json\/wp\/v2\/types\/product"}],"wp:featuredmedia":[{"embeddable":true,"href":"https:\/\/fifaa.ee\/en\/wp-json\/wp\/v2\/media\/32276"}],"wp:attachment":[{"href":"https:\/\/fifaa.ee\/en\/wp-json\/wp\/v2\/media?parent=32227"}],"wp:term":[{"taxonomy":"product_brand","embeddable":true,"href":"https:\/\/fifaa.ee\/en\/wp-json\/wp\/v2\/product_brand?post=32227"},{"taxonomy":"product_cat","embeddable":true,"href":"https:\/\/fifaa.ee\/en\/wp-json\/wp\/v2\/product_cat?post=32227"},{"taxonomy":"product_tag","embeddable":true,"href":"https:\/\/fifaa.ee\/en\/wp-json\/wp\/v2\/product_tag?post=32227"}],"curies":[{"name":"wp","href":"https:\/\/api.w.org\/{rel}","templated":true}]}}