{"id":32228,"date":"2025-01-28T16:23:08","date_gmt":"2025-01-28T14:23:08","guid":{"rendered":"https:\/\/fifaa.ee\/?post_type=product&#038;p=32228"},"modified":"2026-04-01T17:25:52","modified_gmt":"2026-04-01T14:25:52","slug":"polt-grs-sertifikaadiga-r-abs-pliiats","status":"publish","type":"product","link":"https:\/\/fifaa.ee\/en\/product\/polt-grs-sertifikaadiga-r-abs-pliiats\/","title":{"rendered":"Bolt GRS certified R-ABS pen"},"content":{"rendered":"<p>Introducing Bolt \u2013 the latest elegant addition to our pen family. Perfect logo branding on a large clip. Made from GRS (Global Recycle Standard) certified recycled materials, Bolt ensures a fully certified sustainable supply chain. Made from 100% recycled GRS certified abs, it\u2019s the perfect tool to showcase your brand. With a German Dokumental\u00ae blue ink refill that provides approximately 1000 meters of smooth writing, and a TC ballpoint tip for effortless precision, Bolt combines eco-conscious design with excellent performance.<\/p>","protected":false},"excerpt":{"rendered":"<p>Tutvustame Bolti \u2013 meie pliiatsiperekonna uusimat elegantset t\u00e4iendust. T\u00e4iuslik logobr\u00e4nd suurel klipil. GRS (Global Recycle Standard) sertifitseeritud taaskasutatud materjalidest valmistatud Bolt tagab t\u00e4ielikult sertifitseeritud j\u00e4tkusuutliku tarneahela. Valmistatud 100% taaskasutatud GRS-i sertifikaadiga k\u00f5hulihastest, on see ideaalne t\u00f6\u00f6riist oma kaubam\u00e4rgi tutvustamiseks. Saksa Dokumental\u00ae sinise tindi t\u00e4idisega, mis pakub umbes 1000 meetrit sujuvat kirjutamist, ja TC-kuuli otsaga, mis [&hellip;]<\/p>\n","protected":false},"featured_media":32278,"template":"","meta":{"_acf_changed":false},"product_brand":[],"product_cat":[601,604],"product_tag":[659],"class_list":{"0":"post-32228","1":"product","2":"type-product","3":"status-publish","4":"has-post-thumbnail","6":"product_cat-kirjutusvahendid","7":"product_cat-plastikust-pastakad","8":"product_tag-more-colors","9":"pa_varv-kollane","10":"pa_varv-lilla","11":"pa_varv-must","12":"pa_varv-oranz","13":"pa_varv-punane","14":"pa_varv-roheline","15":"pa_varv-roosa","16":"pa_varv-sinine","17":"pa_varv-valge-new","19":"first","20":"instock","21":"taxable","22":"shipping-taxable","23":"purchasable","24":"product-type-variable","25":"has-default-attributes"},"acf":[],"_links":{"self":[{"href":"https:\/\/fifaa.ee\/en\/wp-json\/wp\/v2\/product\/32228","targetHints":{"allow":["GET"]}}],"collection":[{"href":"https:\/\/fifaa.ee\/en\/wp-json\/wp\/v2\/product"}],"about":[{"href":"https:\/\/fifaa.ee\/en\/wp-json\/wp\/v2\/types\/product"}],"wp:featuredmedia":[{"embeddable":true,"href":"https:\/\/fifaa.ee\/en\/wp-json\/wp\/v2\/media\/32278"}],"wp:attachment":[{"href":"https:\/\/fifaa.ee\/en\/wp-json\/wp\/v2\/media?parent=32228"}],"wp:term":[{"taxonomy":"product_brand","embeddable":true,"href":"https:\/\/fifaa.ee\/en\/wp-json\/wp\/v2\/product_brand?post=32228"},{"taxonomy":"product_cat","embeddable":true,"href":"https:\/\/fifaa.ee\/en\/wp-json\/wp\/v2\/product_cat?post=32228"},{"taxonomy":"product_tag","embeddable":true,"href":"https:\/\/fifaa.ee\/en\/wp-json\/wp\/v2\/product_tag?post=32228"}],"curies":[{"name":"wp","href":"https:\/\/api.w.org\/{rel}","templated":true}]}}