{"id":32269,"date":"2025-01-28T16:23:28","date_gmt":"2025-01-28T14:23:28","guid":{"rendered":"https:\/\/fifaa.ee\/?post_type=product&#038;p=32269"},"modified":"2026-04-01T17:26:16","modified_gmt":"2026-04-01T14:26:16","slug":"x3-grs-taaskasutatud-pc-plastikust-pliiats-jaatunud","status":"publish","type":"product","link":"https:\/\/fifaa.ee\/en\/product\/x3-grs-taaskasutatud-pc-plastikust-pliiats-jaatunud\/","title":{"rendered":"X3 GRS recycled PC plastic pen frosted"},"content":{"rendered":"<p>The X3 GRS Certified Recycled PC Plastic Pen Frosted combines sustainability and functionality. This pen is made from 84% recycled GRS certified PC plastic, including the frosted top, clip, tip and barrel. This pen is designed to be both environmentally conscious and stylish. It features blue document ink that writes smoothly for up to 1200 meters at a width of 1.0 mm. The click mechanism ensures easy use, while the RPC recycling logo under the barrel signifies its sustainable origin.<\/p>","protected":false},"excerpt":{"rendered":"<p>X3 GRS-i sertifikaadiga taaskasutatud PC plastikust pliiats Frosted \u00fchendab j\u00e4tkusuutlikkuse ja funktsionaalsuse. See pliiats on valmistatud 84% taaskasutatud GRS-sertifikaadiga PC-plastist, sealhulgas j\u00e4\u00e4kattega \u00fclaosa, klamber, ots ja silin. See pliiats on loodud nii keskkonnateadlikuks kui ka stiilseks. Sellel on sinine dokumenditint, mis kirjutab sujuvalt kuni 1200 meetrit 1,0 mm laiusega. Kl\u00f5psumehhanism tagab lihtsa kasutamise, samas kui [&hellip;]<\/p>\n","protected":false},"featured_media":32298,"template":"","meta":{"_acf_changed":false},"product_brand":[],"product_cat":[601,604],"product_tag":[659],"class_list":{"0":"post-32269","1":"product","2":"type-product","3":"status-publish","4":"has-post-thumbnail","6":"product_cat-kirjutusvahendid","7":"product_cat-plastikust-pastakad","8":"product_tag-more-colors","9":"pa_varv-kollane","10":"pa_varv-lilla","11":"pa_varv-must","12":"pa_varv-oranz","13":"pa_varv-punane","14":"pa_varv-roheline","15":"pa_varv-roosa","16":"pa_varv-sinine","17":"pa_varv-valge-new","19":"first","20":"instock","21":"taxable","22":"shipping-taxable","23":"purchasable","24":"product-type-variable","25":"has-default-attributes"},"acf":[],"_links":{"self":[{"href":"https:\/\/fifaa.ee\/en\/wp-json\/wp\/v2\/product\/32269","targetHints":{"allow":["GET"]}}],"collection":[{"href":"https:\/\/fifaa.ee\/en\/wp-json\/wp\/v2\/product"}],"about":[{"href":"https:\/\/fifaa.ee\/en\/wp-json\/wp\/v2\/types\/product"}],"wp:featuredmedia":[{"embeddable":true,"href":"https:\/\/fifaa.ee\/en\/wp-json\/wp\/v2\/media\/32298"}],"wp:attachment":[{"href":"https:\/\/fifaa.ee\/en\/wp-json\/wp\/v2\/media?parent=32269"}],"wp:term":[{"taxonomy":"product_brand","embeddable":true,"href":"https:\/\/fifaa.ee\/en\/wp-json\/wp\/v2\/product_brand?post=32269"},{"taxonomy":"product_cat","embeddable":true,"href":"https:\/\/fifaa.ee\/en\/wp-json\/wp\/v2\/product_cat?post=32269"},{"taxonomy":"product_tag","embeddable":true,"href":"https:\/\/fifaa.ee\/en\/wp-json\/wp\/v2\/product_tag?post=32269"}],"curies":[{"name":"wp","href":"https:\/\/api.w.org\/{rel}","templated":true}]}}