{"id":32270,"date":"2025-01-28T16:23:28","date_gmt":"2025-01-28T14:23:28","guid":{"rendered":"https:\/\/fifaa.ee\/?post_type=product&#038;p=32270"},"modified":"2026-04-01T17:27:05","modified_gmt":"2026-04-01T14:27:05","slug":"tide-grs-sertifikaadiga-rabs-pliiats-sileda-puudutusega","status":"publish","type":"product","link":"https:\/\/fifaa.ee\/en\/product\/tide-grs-sertifikaadiga-rabs-pliiats-sileda-puudutusega\/","title":{"rendered":"Tide GRS certified RABS pen smooth touch"},"content":{"rendered":"<p>The Tide GRS-certified RABS Pen Smooth Touch stands out with its unique design that resembles a pen wearing a tie when you look closely at the clip and barrel. Made from 91% recycled ABS, the pen combines durability with style. It features a silicone grip for added comfort and a premium writing experience. The frosted coating on the plunger, clip, and tip adds a smooth touch, while the blue ink flows smoothly up to 1200 meters. The pen operates with a click mechanism for easy use.<\/p>","protected":false},"excerpt":{"rendered":"<p>Tide GRS-i sertifikaadiga RABS Pen Smooth Touch paistab silma oma ainulaadse disainiga, mis meenutab klambrit ja silindrit t\u00e4helepanelikult vaadates pliiatsit, mis kannab lipsu. 91% taaskasutatud ABS-ist valmistatud pliiats \u00fchendab vastupidavuse stiiliga. Sellel on silikoonist silikoonk\u00e4epide, mis lisab mugavust ja tagab esmaklassilise kirjutamiskogemuse. Kolvi, klambri ja otsa j\u00e4\u00e4tunud kate lisab sileda puudutuse, samas kui sinine tint [&hellip;]<\/p>\n","protected":false},"featured_media":32325,"template":"","meta":{"_acf_changed":false},"product_brand":[],"product_cat":[601,604],"product_tag":[659],"class_list":{"0":"post-32270","1":"product","2":"type-product","3":"status-publish","4":"has-post-thumbnail","6":"product_cat-kirjutusvahendid","7":"product_cat-plastikust-pastakad","8":"product_tag-more-colors","9":"pa_varv-kollane","10":"pa_varv-lilla","11":"pa_varv-must","12":"pa_varv-oranz","13":"pa_varv-punane","14":"pa_varv-roheline","15":"pa_varv-roosa","16":"pa_varv-sinine","17":"pa_varv-valge-new","19":"first","20":"instock","21":"taxable","22":"shipping-taxable","23":"purchasable","24":"product-type-variable","25":"has-default-attributes"},"acf":[],"_links":{"self":[{"href":"https:\/\/fifaa.ee\/en\/wp-json\/wp\/v2\/product\/32270","targetHints":{"allow":["GET"]}}],"collection":[{"href":"https:\/\/fifaa.ee\/en\/wp-json\/wp\/v2\/product"}],"about":[{"href":"https:\/\/fifaa.ee\/en\/wp-json\/wp\/v2\/types\/product"}],"wp:featuredmedia":[{"embeddable":true,"href":"https:\/\/fifaa.ee\/en\/wp-json\/wp\/v2\/media\/32325"}],"wp:attachment":[{"href":"https:\/\/fifaa.ee\/en\/wp-json\/wp\/v2\/media?parent=32270"}],"wp:term":[{"taxonomy":"product_brand","embeddable":true,"href":"https:\/\/fifaa.ee\/en\/wp-json\/wp\/v2\/product_brand?post=32270"},{"taxonomy":"product_cat","embeddable":true,"href":"https:\/\/fifaa.ee\/en\/wp-json\/wp\/v2\/product_cat?post=32270"},{"taxonomy":"product_tag","embeddable":true,"href":"https:\/\/fifaa.ee\/en\/wp-json\/wp\/v2\/product_tag?post=32270"}],"curies":[{"name":"wp","href":"https:\/\/api.w.org\/{rel}","templated":true}]}}