{"id":32360,"date":"2025-01-28T16:24:16","date_gmt":"2025-01-28T14:24:16","guid":{"rendered":"https:\/\/fifaa.ee\/?post_type=product&#038;p=32360"},"modified":"2026-04-01T17:29:17","modified_gmt":"2026-04-01T14:29:17","slug":"urban-lite-vargusvastane-seljakott","status":"publish","type":"product","link":"https:\/\/fifaa.ee\/en\/product\/urban-lite-vargusvastane-seljakott\/","title":{"rendered":"Urban Lite anti-theft backpack"},"content":{"rendered":"<p>The Urban Lite Anti-Theft Backpack is the perfect travel companion, ensuring security and convenience. When the main part is rolled up and secured with a steel-reinforced combination lock, the backpack offers a full closure that can also be used to lock the bag around a fixed object. Hidden pockets on the back and shoulder strap with RFID protection protect your cards. The bag is equipped with a side water bottle pocket and a removable elastic mesh for sports equipment. The interior padded compartments can accommodate a 15.6-inch laptop and up to a 12.9-inch tablet, and mesh pockets provide organization for your essentials. Made from water-repellent materials. Registered Design\u00ae<\/p>","protected":false},"excerpt":{"rendered":"<p>Vargusvastane Urban Lite seljakott on ideaalne reisikaaslane, tagades turvalisuse ja mugavuse. P\u00f5hiosa kokkurullimisel ja terasest tugevdatud kombinatsioonlukuga kinnitamisel pakub seljakott t\u00e4ielikku sulgemist, mida saab kasutada ka koti lukustamiseks fikseeritud eseme \u00fcmber. Peidetud taskud tagak\u00fcljel ja \u00f5larihmal, millel on RFID-kaitse, kaitsevad teie kaarte. Kott on varustatud k\u00fclgmise veepudelitasku ja eemaldatava elastse v\u00f5rguga spordivarustuse jaoks. Sisemised polsterdatud [&hellip;]<\/p>\n","protected":false},"featured_media":32384,"template":"","meta":{"_acf_changed":false},"product_brand":[],"product_cat":[232,573],"product_tag":[659],"class_list":{"0":"post-32360","1":"product","2":"type-product","3":"status-publish","4":"has-post-thumbnail","6":"product_cat-kotid","7":"product_cat-seljakott","8":"product_tag-more-colors","9":"pa_varv-hall","10":"pa_varv-must","11":"pa_varv-sinine","13":"first","14":"instock","15":"taxable","16":"shipping-taxable","17":"purchasable","18":"product-type-variable","19":"has-default-attributes"},"acf":[],"_links":{"self":[{"href":"https:\/\/fifaa.ee\/en\/wp-json\/wp\/v2\/product\/32360","targetHints":{"allow":["GET"]}}],"collection":[{"href":"https:\/\/fifaa.ee\/en\/wp-json\/wp\/v2\/product"}],"about":[{"href":"https:\/\/fifaa.ee\/en\/wp-json\/wp\/v2\/types\/product"}],"wp:featuredmedia":[{"embeddable":true,"href":"https:\/\/fifaa.ee\/en\/wp-json\/wp\/v2\/media\/32384"}],"wp:attachment":[{"href":"https:\/\/fifaa.ee\/en\/wp-json\/wp\/v2\/media?parent=32360"}],"wp:term":[{"taxonomy":"product_brand","embeddable":true,"href":"https:\/\/fifaa.ee\/en\/wp-json\/wp\/v2\/product_brand?post=32360"},{"taxonomy":"product_cat","embeddable":true,"href":"https:\/\/fifaa.ee\/en\/wp-json\/wp\/v2\/product_cat?post=32360"},{"taxonomy":"product_tag","embeddable":true,"href":"https:\/\/fifaa.ee\/en\/wp-json\/wp\/v2\/product_tag?post=32360"}],"curies":[{"name":"wp","href":"https:\/\/api.w.org\/{rel}","templated":true}]}}