{"id":32363,"date":"2025-01-28T16:24:16","date_gmt":"2025-01-28T14:24:16","guid":{"rendered":"https:\/\/fifaa.ee\/?post_type=product&#038;p=32363"},"modified":"2026-04-01T17:29:41","modified_gmt":"2026-04-01T14:29:41","slug":"urban-vargusvastane-loikekindel-seljakott","status":"publish","type":"product","link":"https:\/\/fifaa.ee\/en\/product\/urban-vargusvastane-loikekindel-seljakott\/","title":{"rendered":"Urban anti-theft cut-proof backpack"},"content":{"rendered":"<p>The Anti-Theft Cut Resistant Urban Backpack is your ultimate travel companion. Made from high-quality cut-resistant fabric, the main compartment offers complete security with a steel-reinforced combination lock that can also be used to lock the bag around a fixed object. Hidden pockets on the back and shoulder strap provide RFID-protected space for cards. The bag has a side water bottle pocket and a removable elastic mesh for sports equipment. Internal padded compartments can accommodate a 15.6-inch laptop and up to a 12.9-inch tablet, and mesh pockets improve organization of your essentials. Registered Design\u00ae.<\/p>","protected":false},"excerpt":{"rendered":"<p>Vargusvastane l\u00f5ikekindel Urban seljakott on teie \u00fclim reisikaaslane. Kvaliteetsest l\u00f5ikekindlast kangast valmistatud p\u00f5hilahter pakub t\u00e4ielikku turvalisust terasest tugevdatud kombinatsioonlukuga, mida saab kasutada ka koti lukustamiseks fikseeritud eseme \u00fcmber. Peidetud taskud tagak\u00fcljel ja \u00f5larihmas pakuvad RFID-kaitsega ruumi kaartide jaoks. Kotil on k\u00fclgmine veepudelitasku ja eemaldatav elastne v\u00f5rk spordivarustuse jaoks. Sisemised polsterdatud sahtlid mahutavad 15,6-tollist s\u00fclearvutit ja [&hellip;]<\/p>\n","protected":false},"featured_media":32394,"template":"","meta":{"_acf_changed":false},"product_brand":[],"product_cat":[232,573],"product_tag":[],"class_list":{"0":"post-32363","1":"product","2":"type-product","3":"status-publish","4":"has-post-thumbnail","6":"product_cat-kotid","7":"product_cat-seljakott","8":"pa_varv-hall","10":"first","11":"instock","12":"taxable","13":"shipping-taxable","14":"purchasable","15":"product-type-variable","16":"has-default-attributes"},"acf":[],"_links":{"self":[{"href":"https:\/\/fifaa.ee\/en\/wp-json\/wp\/v2\/product\/32363","targetHints":{"allow":["GET"]}}],"collection":[{"href":"https:\/\/fifaa.ee\/en\/wp-json\/wp\/v2\/product"}],"about":[{"href":"https:\/\/fifaa.ee\/en\/wp-json\/wp\/v2\/types\/product"}],"wp:featuredmedia":[{"embeddable":true,"href":"https:\/\/fifaa.ee\/en\/wp-json\/wp\/v2\/media\/32394"}],"wp:attachment":[{"href":"https:\/\/fifaa.ee\/en\/wp-json\/wp\/v2\/media?parent=32363"}],"wp:term":[{"taxonomy":"product_brand","embeddable":true,"href":"https:\/\/fifaa.ee\/en\/wp-json\/wp\/v2\/product_brand?post=32363"},{"taxonomy":"product_cat","embeddable":true,"href":"https:\/\/fifaa.ee\/en\/wp-json\/wp\/v2\/product_cat?post=32363"},{"taxonomy":"product_tag","embeddable":true,"href":"https:\/\/fifaa.ee\/en\/wp-json\/wp\/v2\/product_tag?post=32363"}],"curies":[{"name":"wp","href":"https:\/\/api.w.org\/{rel}","templated":true}]}}