{"id":32364,"date":"2025-01-28T16:24:16","date_gmt":"2025-01-28T14:24:16","guid":{"rendered":"https:\/\/fifaa.ee\/?post_type=product&#038;p=32364"},"modified":"2026-04-01T17:30:28","modified_gmt":"2026-04-01T14:30:28","slug":"bobby-hero-vaike-vargusvastane-seljakott","status":"publish","type":"product","link":"https:\/\/fifaa.ee\/en\/product\/bobby-hero-vaike-vargusvastane-seljakott\/","title":{"rendered":"Bobby Hero Small, Anti-theft backpack"},"content":{"rendered":"<p>The Bobby Hero series represents a new era in anti-theft backpacks, providing security, simplicity and organization for your daily travels. Cut-resistant protection, discreet zippers and hidden pockets keep your belongings safe during your commute. The Bobby Hero Small is equipped with an integrated USB charging port, water-repellent fabric, illuminated security strips and a luggage strap for added convenience. Internal padded compartments accommodate a 13.3&quot; laptop and up to a 12.9&quot; tablet. Made from R-pet fabric with AWARE\u2122 marking. AWARE\u2122 guarantees the use of genuine recycled fabric. 25% recycled content. Registered design\u00ae<\/p>","protected":false},"excerpt":{"rendered":"<p>Bobby Hero sari esindab uut ajastut vargusvastaste seljakottide vallas, pakkudes teie igap\u00e4evaste reiside jaoks turvalisust, lihtsust ja organiseeritust. L\u00f5ikekindel kaitse, diskreetsed t\u00f5mblukud ja peidetud taskud tagavad teie asjade turvalisuse edasi-tagasi s\u00f5itmise ajal. Bobby Hero Small on varustatud integreeritud USB-laadimispordi, vetth\u00fclgava kanga, valgustavate turvaribade ja mugavuse suurendamiseks pakirihmaga. Sisemised polsterdatud sahtlid mahutavad 13,3-tollist s\u00fclearvutit ja kuni [&hellip;]<\/p>\n","protected":false},"featured_media":32396,"template":"","meta":{"_acf_changed":false},"product_brand":[],"product_cat":[232,573],"product_tag":[659],"class_list":{"0":"post-32364","1":"product","2":"type-product","3":"status-publish","4":"has-post-thumbnail","6":"product_cat-kotid","7":"product_cat-seljakott","8":"product_tag-more-colors","9":"pa_varv-hall","10":"pa_varv-must","11":"pa_varv-punane","12":"pa_varv-roheline","13":"pa_varv-sinine","15":"first","16":"instock","17":"taxable","18":"shipping-taxable","19":"purchasable","20":"product-type-variable","21":"has-default-attributes"},"acf":[],"_links":{"self":[{"href":"https:\/\/fifaa.ee\/en\/wp-json\/wp\/v2\/product\/32364","targetHints":{"allow":["GET"]}}],"collection":[{"href":"https:\/\/fifaa.ee\/en\/wp-json\/wp\/v2\/product"}],"about":[{"href":"https:\/\/fifaa.ee\/en\/wp-json\/wp\/v2\/types\/product"}],"wp:featuredmedia":[{"embeddable":true,"href":"https:\/\/fifaa.ee\/en\/wp-json\/wp\/v2\/media\/32396"}],"wp:attachment":[{"href":"https:\/\/fifaa.ee\/en\/wp-json\/wp\/v2\/media?parent=32364"}],"wp:term":[{"taxonomy":"product_brand","embeddable":true,"href":"https:\/\/fifaa.ee\/en\/wp-json\/wp\/v2\/product_brand?post=32364"},{"taxonomy":"product_cat","embeddable":true,"href":"https:\/\/fifaa.ee\/en\/wp-json\/wp\/v2\/product_cat?post=32364"},{"taxonomy":"product_tag","embeddable":true,"href":"https:\/\/fifaa.ee\/en\/wp-json\/wp\/v2\/product_tag?post=32364"}],"curies":[{"name":"wp","href":"https:\/\/api.w.org\/{rel}","templated":true}]}}