{"id":32404,"date":"2025-01-28T16:24:36","date_gmt":"2025-01-28T14:24:36","guid":{"rendered":"https:\/\/fifaa.ee\/?post_type=product&#038;p=32404"},"modified":"2026-04-01T17:31:23","modified_gmt":"2026-04-01T14:31:23","slug":"bobby-hero-xl-vargusvastane-seljakott","status":"publish","type":"product","link":"https:\/\/fifaa.ee\/en\/product\/bobby-hero-xl-vargusvastane-seljakott\/","title":{"rendered":"Bobby Hero XL, Anti-theft backpack"},"content":{"rendered":"<p>The Bobby Hero series represents a new era in anti-theft backpacks, providing security, simplicity and organization for your everyday travels. Cut-resistant protection, discreet zippers and hidden pockets keep your belongings safe during your commute. For added convenience, the Bobby Hero XL is equipped with an integrated USB charging port, illuminated security strips and a luggage strap. Internal padded compartments can accommodate a 17&quot; laptop and up to a 12.9&quot; tablet. Made from R-pet fabric with AWARE\u2122 marking. AWARE\u2122 guarantees the use of genuine recycled fabric. 32% recycled content. Registered Design\u00ae<\/p>","protected":false},"excerpt":{"rendered":"<p>Bobby Hero sari esindab uut ajastut vargusvastaste seljakottide vallas, pakkudes teie igap\u00e4evaste reiside jaoks turvalisust, lihtsust ja organiseeritust. L\u00f5ikekindel kaitse, diskreetsed t\u00f5mblukud ja peidetud taskud tagavad teie asjade turvalisuse edasi-tagasi s\u00f5itmise ajal. Mugavuse suurendamiseks on Bobby Hero XL varustatud integreeritud USB-laadimispordi, valgustavate turvaribade ja pagasirihmaga. Sisemised polsterdatud sahtlid mahutavad 17-tollist s\u00fclearvutit ja kuni 12,9-tollist tahvelarvutit. [&hellip;]<\/p>\n","protected":false},"featured_media":32414,"template":"","meta":{"_acf_changed":false},"product_brand":[],"product_cat":[232,573],"product_tag":[659],"class_list":{"0":"post-32404","1":"product","2":"type-product","3":"status-publish","4":"has-post-thumbnail","6":"product_cat-kotid","7":"product_cat-seljakott","8":"product_tag-more-colors","9":"pa_varv-hall","10":"pa_varv-must","11":"pa_varv-sinine","13":"first","14":"instock","15":"taxable","16":"shipping-taxable","17":"purchasable","18":"product-type-variable","19":"has-default-attributes"},"acf":[],"_links":{"self":[{"href":"https:\/\/fifaa.ee\/en\/wp-json\/wp\/v2\/product\/32404","targetHints":{"allow":["GET"]}}],"collection":[{"href":"https:\/\/fifaa.ee\/en\/wp-json\/wp\/v2\/product"}],"about":[{"href":"https:\/\/fifaa.ee\/en\/wp-json\/wp\/v2\/types\/product"}],"wp:featuredmedia":[{"embeddable":true,"href":"https:\/\/fifaa.ee\/en\/wp-json\/wp\/v2\/media\/32414"}],"wp:attachment":[{"href":"https:\/\/fifaa.ee\/en\/wp-json\/wp\/v2\/media?parent=32404"}],"wp:term":[{"taxonomy":"product_brand","embeddable":true,"href":"https:\/\/fifaa.ee\/en\/wp-json\/wp\/v2\/product_brand?post=32404"},{"taxonomy":"product_cat","embeddable":true,"href":"https:\/\/fifaa.ee\/en\/wp-json\/wp\/v2\/product_cat?post=32404"},{"taxonomy":"product_tag","embeddable":true,"href":"https:\/\/fifaa.ee\/en\/wp-json\/wp\/v2\/product_tag?post=32404"}],"curies":[{"name":"wp","href":"https:\/\/api.w.org\/{rel}","templated":true}]}}