{"id":32405,"date":"2025-01-28T16:24:36","date_gmt":"2025-01-28T14:24:36","guid":{"rendered":"https:\/\/fifaa.ee\/?post_type=product&#038;p=32405"},"modified":"2026-04-01T17:31:54","modified_gmt":"2026-04-01T14:31:54","slug":"bobby-seljakott-karu","status":"publish","type":"product","link":"https:\/\/fifaa.ee\/en\/product\/bobby-seljakott-karu\/","title":{"rendered":"Bobby backpack trolley"},"content":{"rendered":"<p>Convenient as a trolley and practical as a backpack. The Bobby backpack is your ideal travel companion for short trips or daily trips. Simply convert it from a backpack to a trolley by holding the shoulder straps on the back panel and releasing the handle. When switched to backpack mode, you can hide the handle and wrap the backpack around the wheels, keeping your back clean. The Bobby backpack trolley keeps you safe and connected with the renowned Bobby anti-theft features with a TSA\u00ae lock. Inside you will find separate compartments for clothes and business equipment along with a quick-access laptop pocket. Made from R-pet fabric with AWARE\u2122 marking. AWARE\u2122 guarantees the use of genuine recycled fabric. 19% recycled content. Registered design\u00ae<\/p>","protected":false},"excerpt":{"rendered":"<p>Mugav k\u00e4runa ja praktiline seljakotina. Seljakott Bobby on teie ideaalne reisikaaslane l\u00fchikestel reisidel v\u00f5i igap\u00e4evastel reisidel. Muutke see lihtsalt seljakotist k\u00e4ruks, hoides \u00f5larihmad tagapaneelil ja vabastades k\u00e4epideme. Seljakotire\u017eiimile l\u00fclitamisel saate k\u00e4epideme peita ja seljakoti \u00fcmber rataste m\u00e4hkida, hoides selja puhtana. Bobby seljakotik\u00e4ru hoiab teid turvaliselt ja \u00fchenduses tuntud Bobby vargusvastaste funktsioonidega koos TSA\u00ae lukuga. Seest [&hellip;]<\/p>\n","protected":false},"featured_media":32420,"template":"","meta":{"_acf_changed":false},"product_brand":[],"product_cat":[232,573],"product_tag":[],"class_list":{"0":"post-32405","1":"product","2":"type-product","3":"status-publish","4":"has-post-thumbnail","6":"product_cat-kotid","7":"product_cat-seljakott","8":"pa_varv-must","10":"first","11":"instock","12":"taxable","13":"shipping-taxable","14":"purchasable","15":"product-type-variable","16":"has-default-attributes"},"acf":[],"_links":{"self":[{"href":"https:\/\/fifaa.ee\/en\/wp-json\/wp\/v2\/product\/32405","targetHints":{"allow":["GET"]}}],"collection":[{"href":"https:\/\/fifaa.ee\/en\/wp-json\/wp\/v2\/product"}],"about":[{"href":"https:\/\/fifaa.ee\/en\/wp-json\/wp\/v2\/types\/product"}],"wp:featuredmedia":[{"embeddable":true,"href":"https:\/\/fifaa.ee\/en\/wp-json\/wp\/v2\/media\/32420"}],"wp:attachment":[{"href":"https:\/\/fifaa.ee\/en\/wp-json\/wp\/v2\/media?parent=32405"}],"wp:term":[{"taxonomy":"product_brand","embeddable":true,"href":"https:\/\/fifaa.ee\/en\/wp-json\/wp\/v2\/product_brand?post=32405"},{"taxonomy":"product_cat","embeddable":true,"href":"https:\/\/fifaa.ee\/en\/wp-json\/wp\/v2\/product_cat?post=32405"},{"taxonomy":"product_tag","embeddable":true,"href":"https:\/\/fifaa.ee\/en\/wp-json\/wp\/v2\/product_tag?post=32405"}],"curies":[{"name":"wp","href":"https:\/\/api.w.org\/{rel}","templated":true}]}}