{"id":32406,"date":"2025-01-28T16:24:36","date_gmt":"2025-01-28T14:24:36","guid":{"rendered":"https:\/\/fifaa.ee\/?post_type=product&#038;p=32406"},"modified":"2026-04-01T17:32:21","modified_gmt":"2026-04-01T14:32:21","slug":"bobby-sling","status":"publish","type":"product","link":"https:\/\/fifaa.ee\/en\/product\/bobby-sling\/","title":{"rendered":"Bobby Sling"},"content":{"rendered":"<p>Safe, comfortable and smart, the Bobby Sling is designed for urban travelers. Feel protected thanks to Bobby&#039;s famous anti-theft features, such as hidden zippers, no front access, RFID-protected pocket and cut-resistant material. There&#039;s also a 3-point security lock to ensure your everyday belongings are always on your body. Additional features, such as waterproof material and an integrated USB charging port, make this crossbody bag the most convenient choice for everyday travel. Made from R-pet fabric with AWARE\u2122 labeling. AWARE\u2122 guarantees the use of genuine recycled fabric. 37% recycled content. Registered design\u00ae<\/p>","protected":false},"excerpt":{"rendered":"<p>Turvaline, mugav ja nutikas Bobby Sling on m\u00f5eldud linnareisijatele. Tundke end kaitstuna t\u00e4nu kuulsatele Bobby vargusvastastele funktsioonidele, nagu peidetud t\u00f5mblukud, eest juurdep\u00e4\u00e4su puudumine, RFID-ga kaitstud tasku ja l\u00f5ikekindel materjal. Samuti on 3-punktiline turvalukk, mis tagab, et teie igap\u00e4evased asjad on alati teie kehas. Lisafunktsioonid, nagu veekindel materjal ja integreeritud USB-laadimispesa, muudavad selle ristseljakoti igap\u00e4evaseks reisimiseks [&hellip;]<\/p>\n","protected":false},"featured_media":32422,"template":"","meta":{"_acf_changed":false},"product_brand":[],"product_cat":[232],"product_tag":[659],"class_list":{"0":"post-32406","1":"product","2":"type-product","3":"status-publish","4":"has-post-thumbnail","6":"product_cat-kotid","7":"product_tag-more-colors","8":"pa_varv-hall","9":"pa_varv-must","10":"pa_varv-sinine","12":"first","13":"instock","14":"taxable","15":"shipping-taxable","16":"purchasable","17":"product-type-variable","18":"has-default-attributes"},"acf":[],"_links":{"self":[{"href":"https:\/\/fifaa.ee\/en\/wp-json\/wp\/v2\/product\/32406","targetHints":{"allow":["GET"]}}],"collection":[{"href":"https:\/\/fifaa.ee\/en\/wp-json\/wp\/v2\/product"}],"about":[{"href":"https:\/\/fifaa.ee\/en\/wp-json\/wp\/v2\/types\/product"}],"wp:featuredmedia":[{"embeddable":true,"href":"https:\/\/fifaa.ee\/en\/wp-json\/wp\/v2\/media\/32422"}],"wp:attachment":[{"href":"https:\/\/fifaa.ee\/en\/wp-json\/wp\/v2\/media?parent=32406"}],"wp:term":[{"taxonomy":"product_brand","embeddable":true,"href":"https:\/\/fifaa.ee\/en\/wp-json\/wp\/v2\/product_brand?post=32406"},{"taxonomy":"product_cat","embeddable":true,"href":"https:\/\/fifaa.ee\/en\/wp-json\/wp\/v2\/product_cat?post=32406"},{"taxonomy":"product_tag","embeddable":true,"href":"https:\/\/fifaa.ee\/en\/wp-json\/wp\/v2\/product_tag?post=32406"}],"curies":[{"name":"wp","href":"https:\/\/api.w.org\/{rel}","templated":true}]}}