{"id":32407,"date":"2025-01-28T16:24:36","date_gmt":"2025-01-28T14:24:36","guid":{"rendered":"https:\/\/fifaa.ee\/?post_type=product&#038;p=32407"},"modified":"2026-04-01T17:33:39","modified_gmt":"2026-04-01T14:33:39","slug":"bobby-pehme-vargusevastane-seljakott","status":"publish","type":"product","link":"https:\/\/fifaa.ee\/en\/product\/bobby-pehme-vargusevastane-seljakott\/","title":{"rendered":"Bobby Soft, anti-theft backpack"},"content":{"rendered":"<p>For college, school, work or your next trip, the Bobby Soft backpack is ready! The iconic Bobby anti-theft design with hidden RFID-protected pockets, no front access and hidden zippers is now complemented by a twist-lock zipper. In the main compartment, you can easily organize your gear with a padded 15.6&quot; laptop compartment, laptop sleeve, smart pockets and a key ring clip. The top of the backpack is expandable, providing additional space. This backpack is also equipped with an integrated USB charging port and water-repellent material. Made of R-pet fabric with AWARE\u2122 labeling. AWARE\u2122 guarantees the use of genuine recycled fabric. 46% recycled content. Registered design\u00ae<\/p>","protected":false},"excerpt":{"rendered":"<p>\u00dclikooli, kooli, t\u00f6\u00f6 v\u00f5i j\u00e4rgmise reisi jaoks on Bobby Soft seljakott valmis! Ikooniline Bobby vargusvastane disain, millel on peidetud RFID-kaitstud taskud, eest puudub juurdep\u00e4\u00e4s ja peidetud t\u00f5mblukud, on n\u00fc\u00fcd t\u00e4iendatud keeratava lukuga t\u00f5mblukuga. P\u00f5hisahtlis saate oma varustust h\u00f5lpsasti korrastada polsterdatud 15,6-tollise s\u00fclearvuti sahtli, s\u00fclearvutitasku, nutikate taskute ja v\u00f5tmehoidja klambriga. Seljakoti \u00fclaosa on laiendatav, andes lisaruumi. [&hellip;]<\/p>\n","protected":false},"featured_media":32428,"template":"","meta":{"_acf_changed":false},"product_brand":[],"product_cat":[232,573],"product_tag":[659],"class_list":{"0":"post-32407","1":"product","2":"type-product","3":"status-publish","4":"has-post-thumbnail","6":"product_cat-kotid","7":"product_cat-seljakott","8":"product_tag-more-colors","9":"pa_varv-beez","10":"pa_varv-hall","11":"pa_varv-kollane","12":"pa_varv-must","13":"pa_varv-punane","14":"pa_varv-roheline","15":"pa_varv-sinine","17":"first","18":"instock","19":"taxable","20":"shipping-taxable","21":"purchasable","22":"product-type-variable","23":"has-default-attributes"},"acf":[],"_links":{"self":[{"href":"https:\/\/fifaa.ee\/en\/wp-json\/wp\/v2\/product\/32407","targetHints":{"allow":["GET"]}}],"collection":[{"href":"https:\/\/fifaa.ee\/en\/wp-json\/wp\/v2\/product"}],"about":[{"href":"https:\/\/fifaa.ee\/en\/wp-json\/wp\/v2\/types\/product"}],"wp:featuredmedia":[{"embeddable":true,"href":"https:\/\/fifaa.ee\/en\/wp-json\/wp\/v2\/media\/32428"}],"wp:attachment":[{"href":"https:\/\/fifaa.ee\/en\/wp-json\/wp\/v2\/media?parent=32407"}],"wp:term":[{"taxonomy":"product_brand","embeddable":true,"href":"https:\/\/fifaa.ee\/en\/wp-json\/wp\/v2\/product_brand?post=32407"},{"taxonomy":"product_cat","embeddable":true,"href":"https:\/\/fifaa.ee\/en\/wp-json\/wp\/v2\/product_cat?post=32407"},{"taxonomy":"product_tag","embeddable":true,"href":"https:\/\/fifaa.ee\/en\/wp-json\/wp\/v2\/product_tag?post=32407"}],"curies":[{"name":"wp","href":"https:\/\/api.w.org\/{rel}","templated":true}]}}