{"id":32408,"date":"2025-01-28T16:24:36","date_gmt":"2025-01-28T14:24:36","guid":{"rendered":"https:\/\/fifaa.ee\/?post_type=product&#038;p=32408"},"modified":"2026-04-01T17:34:07","modified_gmt":"2026-04-01T14:34:07","slug":"flex-gym-kott","status":"publish","type":"product","link":"https:\/\/fifaa.ee\/en\/product\/flex-gym-kott\/","title":{"rendered":"Flex Gym bag"},"content":{"rendered":"<p>The flexible and practical Flex Gym Bag is the first business bag and sports bag in one. Quickly transform this backpack from business to gym style by expanding the front pocket from 16 liters to 24 liters. The anti-theft design with no front access and hidden zippers in the main compartment ensure that your professional equipment is safely carried. The RFID-protected pocket on the back allows you to safely store your wallet, mobile phone or credit cards. In addition, this backpack keeps you powered up with a fast USB charging port on the shoulder strap, where you will also find a sunglasses holder. The Flex Gym Bag is the ideal backpack whether you are on your way to work, university or the gym. Made from R-pet fabric with AWARE\u2122 labeling. AWARE\u2122 guarantees the use of genuine recycled fabric. 42% recycled content. Registered design\u00ae<\/p>","protected":false},"excerpt":{"rendered":"<p>Paindlik ja praktiline Flex Gym kott on esimene \u00e4rikott ja spordikott \u00fches. Muutke see seljakott kiiresti \u00e4rist j\u00f5usaali stiiliks, laiendades esitaskut 16 liitrilt 24 liitrini. Vargusvastane disain, millel puudub eesmine juurdep\u00e4\u00e4s ja peidetud t\u00f5mblukud p\u00f5hisahtlis, tagavad teie professionaalsete seadmete turvalise kaasaskandmise. Tagak\u00fcljel asuva RFID-kaitsega tasku abil saate turvaliselt hoida oma rahakotti, mobiiltelefoni v\u00f5i krediitkaarte. Lisaks [&hellip;]<\/p>\n","protected":false},"featured_media":32458,"template":"","meta":{"_acf_changed":false},"product_brand":[],"product_cat":[232,573],"product_tag":[],"class_list":{"0":"post-32408","1":"product","2":"type-product","3":"status-publish","4":"has-post-thumbnail","6":"product_cat-kotid","7":"product_cat-seljakott","8":"pa_varv-must","10":"first","11":"instock","12":"taxable","13":"shipping-taxable","14":"purchasable","15":"product-type-variable","16":"has-default-attributes"},"acf":[],"_links":{"self":[{"href":"https:\/\/fifaa.ee\/en\/wp-json\/wp\/v2\/product\/32408","targetHints":{"allow":["GET"]}}],"collection":[{"href":"https:\/\/fifaa.ee\/en\/wp-json\/wp\/v2\/product"}],"about":[{"href":"https:\/\/fifaa.ee\/en\/wp-json\/wp\/v2\/types\/product"}],"wp:featuredmedia":[{"embeddable":true,"href":"https:\/\/fifaa.ee\/en\/wp-json\/wp\/v2\/media\/32458"}],"wp:attachment":[{"href":"https:\/\/fifaa.ee\/en\/wp-json\/wp\/v2\/media?parent=32408"}],"wp:term":[{"taxonomy":"product_brand","embeddable":true,"href":"https:\/\/fifaa.ee\/en\/wp-json\/wp\/v2\/product_brand?post=32408"},{"taxonomy":"product_cat","embeddable":true,"href":"https:\/\/fifaa.ee\/en\/wp-json\/wp\/v2\/product_cat?post=32408"},{"taxonomy":"product_tag","embeddable":true,"href":"https:\/\/fifaa.ee\/en\/wp-json\/wp\/v2\/product_tag?post=32408"}],"curies":[{"name":"wp","href":"https:\/\/api.w.org\/{rel}","templated":true}]}}