{"id":32449,"date":"2025-01-28T16:24:56","date_gmt":"2025-01-28T14:24:56","guid":{"rendered":"https:\/\/fifaa.ee\/?post_type=product&#038;p=32449"},"modified":"2026-04-01T17:35:08","modified_gmt":"2026-04-01T14:35:08","slug":"bobby-explore-seljakott","status":"publish","type":"product","link":"https:\/\/fifaa.ee\/en\/product\/bobby-explore-seljakott\/","title":{"rendered":"Bobby Explore backpack"},"content":{"rendered":"<p>Ready to unplug and explore? Embark on your adventures with the Bobby Explore \u2013 from your daily commute to a weekend getaway. Built for durability and weather resistance, this backpack enhances safety and comfort. Protect your professional belongings with hidden water-repellent zippers, a padded laptop sleeve and an internal RFID security pocket. Experience greater comfort with a padded back panel and adjustable sternum strap that promote breathability and better posture. With an expandable front pocket and an additional compartment for shoes or even wet clothes, you can conveniently store your belongings. Discover integrated features like a USB charging port, stylish magnetic zipper pull, quick-access top pocket and external bottle holder. Made from R-pet fabric with AWARE\u2122 labeling. AWARE\u2122 guarantees the use of genuine recycled fabric. 46% recycled content. Registered Design\u00ae<\/p>","protected":false},"excerpt":{"rendered":"<p>Kas olete valmis vooluv\u00f5rgust lahti \u00fchendama ja uurima? Alustage oma seiklusi koos Bobby Explore&#8217;iga \u2013 liikudes igap\u00e4evaselt pendelreisilt \u00fcle n\u00e4dalavahetuse puhkusele. Vastupidavuse ja ilmastikukindluse tagamiseks loodud seljakott suurendab ohutust ja mugavust. Kaitske oma professionaalseid asju peidetud vetth\u00fclgavate t\u00f5mblukkude, polsterdatud s\u00fclearvutitasku ja sisemise RFID-turvataskuga. Kogege suuremat mugavust polsterdatud tagapaneeli ja reguleeritava rinnarihma kaudu, mis soodustab hingavust [&hellip;]<\/p>\n","protected":false},"featured_media":32466,"template":"","meta":{"_acf_changed":false},"product_brand":[],"product_cat":[232,573],"product_tag":[659],"class_list":{"0":"post-32449","1":"product","2":"type-product","3":"status-publish","4":"has-post-thumbnail","6":"product_cat-kotid","7":"product_cat-seljakott","8":"product_tag-more-colors","9":"pa_varv-must","10":"pa_varv-roheline","11":"pa_varv-sinine","13":"first","14":"instock","15":"taxable","16":"shipping-taxable","17":"purchasable","18":"product-type-variable","19":"has-default-attributes"},"acf":[],"_links":{"self":[{"href":"https:\/\/fifaa.ee\/en\/wp-json\/wp\/v2\/product\/32449","targetHints":{"allow":["GET"]}}],"collection":[{"href":"https:\/\/fifaa.ee\/en\/wp-json\/wp\/v2\/product"}],"about":[{"href":"https:\/\/fifaa.ee\/en\/wp-json\/wp\/v2\/types\/product"}],"wp:featuredmedia":[{"embeddable":true,"href":"https:\/\/fifaa.ee\/en\/wp-json\/wp\/v2\/media\/32466"}],"wp:attachment":[{"href":"https:\/\/fifaa.ee\/en\/wp-json\/wp\/v2\/media?parent=32449"}],"wp:term":[{"taxonomy":"product_brand","embeddable":true,"href":"https:\/\/fifaa.ee\/en\/wp-json\/wp\/v2\/product_brand?post=32449"},{"taxonomy":"product_cat","embeddable":true,"href":"https:\/\/fifaa.ee\/en\/wp-json\/wp\/v2\/product_cat?post=32449"},{"taxonomy":"product_tag","embeddable":true,"href":"https:\/\/fifaa.ee\/en\/wp-json\/wp\/v2\/product_tag?post=32449"}],"curies":[{"name":"wp","href":"https:\/\/api.w.org\/{rel}","templated":true}]}}