{"id":32450,"date":"2025-01-28T16:24:56","date_gmt":"2025-01-28T14:24:56","guid":{"rendered":"https:\/\/fifaa.ee\/?post_type=product&#038;p=32450"},"modified":"2026-04-01T17:35:58","modified_gmt":"2026-04-01T14:35:58","slug":"bobby-bizz-2-0-vargusvastane-seljakott-ja-kohver","status":"publish","type":"product","link":"https:\/\/fifaa.ee\/en\/product\/bobby-bizz-2-0-vargusvastane-seljakott-ja-kohver\/","title":{"rendered":"Bobby Bizz 2.0 anti-theft backpack &amp; briefcase"},"content":{"rendered":"<p>Keep your belongings safe and your commute stylish with the new Bobby Bizz 2.0. Ready for any business event, this backpack can be converted into a briefcase in seconds by simply inserting the shoulder straps into the back pocket. To keep you and your belongings safe, the iconic Bobby anti-theft design features no front access, hidden zippers, and a hidden RFID-protected pocket. It\u2019s enhanced with a cut-resistant material and a built-in metal frame. An upgraded EVA back panel provides added comfort. With the integrated zinc alloy lock on the right strap, you can also securely lock your Bobby Bizz 2.0 to any fixed object. The interior of the backpack features padded compartments for a 16-inch laptop, up to a 12.9-inch tablet, and all your professional gear. Now made with R-pet fabric with AWARE\u2122 labeling. AWARE\u2122 guarantees the use of genuine recycled fabric. 33% recycled content.<\/p>","protected":false},"excerpt":{"rendered":"<p>Uue Bobby Bizz 2.0 abil hoidke oma asju turvaliselt ja muutke oma pendelr\u00e4nne stiilsemaks. Igaks \u00e4ris\u00fcndmuseks valmis, saate selle seljakoti muuta m\u00f5ne sekundiga portfelliks, pannes lihtsalt \u00f5larihmad tagataskusse. Teie ja teie asjade turvalisuse tagamiseks pole ikoonilisel Bobby vargusvastasel disainil eestp\u00e4\u00e4su, peidetud t\u00f5mblukud ja peidetud RFID-kaitsega tasku. See on t\u00e4iustatud l\u00f5ikekindla materjali ja sisseehitatud metallraamiga. T\u00e4iustatud [&hellip;]<\/p>\n","protected":false},"featured_media":32472,"template":"","meta":{"_acf_changed":false},"product_brand":[],"product_cat":[232,573],"product_tag":[659],"class_list":{"0":"post-32450","1":"product","2":"type-product","3":"status-publish","4":"has-post-thumbnail","6":"product_cat-kotid","7":"product_cat-seljakott","8":"product_tag-more-colors","9":"pa_varv-hall","10":"pa_varv-must","11":"pa_varv-sinine","13":"first","14":"instock","15":"taxable","16":"shipping-taxable","17":"purchasable","18":"product-type-variable","19":"has-default-attributes"},"acf":[],"_links":{"self":[{"href":"https:\/\/fifaa.ee\/en\/wp-json\/wp\/v2\/product\/32450","targetHints":{"allow":["GET"]}}],"collection":[{"href":"https:\/\/fifaa.ee\/en\/wp-json\/wp\/v2\/product"}],"about":[{"href":"https:\/\/fifaa.ee\/en\/wp-json\/wp\/v2\/types\/product"}],"wp:featuredmedia":[{"embeddable":true,"href":"https:\/\/fifaa.ee\/en\/wp-json\/wp\/v2\/media\/32472"}],"wp:attachment":[{"href":"https:\/\/fifaa.ee\/en\/wp-json\/wp\/v2\/media?parent=32450"}],"wp:term":[{"taxonomy":"product_brand","embeddable":true,"href":"https:\/\/fifaa.ee\/en\/wp-json\/wp\/v2\/product_brand?post=32450"},{"taxonomy":"product_cat","embeddable":true,"href":"https:\/\/fifaa.ee\/en\/wp-json\/wp\/v2\/product_cat?post=32450"},{"taxonomy":"product_tag","embeddable":true,"href":"https:\/\/fifaa.ee\/en\/wp-json\/wp\/v2\/product_tag?post=32450"}],"curies":[{"name":"wp","href":"https:\/\/api.w.org\/{rel}","templated":true}]}}