{"id":32451,"date":"2025-01-28T16:24:56","date_gmt":"2025-01-28T14:24:56","guid":{"rendered":"https:\/\/fifaa.ee\/?post_type=product&#038;p=32451"},"modified":"2026-04-01T17:36:29","modified_gmt":"2026-04-01T14:36:29","slug":"bizz-seljakott","status":"publish","type":"product","link":"https:\/\/fifaa.ee\/en\/product\/bizz-seljakott\/","title":{"rendered":"Bizz Backpack"},"content":{"rendered":"<p>The Bizzi backpack is perfect for everyday carry and light travel. The backpack features a 180-degree main compartment with an expandable section, internal mesh pockets, an integrated tech pouch and a removable key strap. The back pocket is protected by a waterproof zipper and has a padded sleeve for up to a 16-inch laptop. There are plenty of easy-access external pockets, including a large capacity water bottle pocket with a magnetic closure. The backpack is waterproof and made from recycled materials. Made from R-pet fabric with AWARE\u2122 labeling. AWARE\u2122 guarantees the use of genuine recycled fabric. 27% recycled content. Registered design\u00ae<\/p>","protected":false},"excerpt":{"rendered":"<p>Bizzi seljakott sobib suurep\u00e4raselt igap\u00e4evaseks kandmiseks ja kergeks reisimiseks. Seljakotil on 180 kraadi avanev p\u00f5hisahtel koos laiendatava osaga, sisemised v\u00f5rktaskud, integreeritud tehniline kott ja eemaldatav v\u00f5tmerihm. Tagumine tasku on kaitstud veekindla lukuga ja sellel on polsterdatud varrukas kuni 16-tollise s\u00fclearvuti jaoks. V\u00e4liseid h\u00f5lpsasti ligip\u00e4\u00e4setavaid taskuid on palju, sealhulgas suure mahutavusega magnetsulguriga veepudelitasku. Seljakott on veekindel [&hellip;]<\/p>\n","protected":false},"featured_media":32478,"template":"","meta":{"_acf_changed":false},"product_brand":[],"product_cat":[232,573],"product_tag":[659],"class_list":{"0":"post-32451","1":"product","2":"type-product","3":"status-publish","4":"has-post-thumbnail","6":"product_cat-kotid","7":"product_cat-seljakott","8":"product_tag-more-colors","9":"pa_varv-hall","10":"pa_varv-must","11":"pa_varv-sinine","13":"first","14":"instock","15":"taxable","16":"shipping-taxable","17":"purchasable","18":"product-type-variable","19":"has-default-attributes"},"acf":[],"_links":{"self":[{"href":"https:\/\/fifaa.ee\/en\/wp-json\/wp\/v2\/product\/32451","targetHints":{"allow":["GET"]}}],"collection":[{"href":"https:\/\/fifaa.ee\/en\/wp-json\/wp\/v2\/product"}],"about":[{"href":"https:\/\/fifaa.ee\/en\/wp-json\/wp\/v2\/types\/product"}],"wp:featuredmedia":[{"embeddable":true,"href":"https:\/\/fifaa.ee\/en\/wp-json\/wp\/v2\/media\/32478"}],"wp:attachment":[{"href":"https:\/\/fifaa.ee\/en\/wp-json\/wp\/v2\/media?parent=32451"}],"wp:term":[{"taxonomy":"product_brand","embeddable":true,"href":"https:\/\/fifaa.ee\/en\/wp-json\/wp\/v2\/product_brand?post=32451"},{"taxonomy":"product_cat","embeddable":true,"href":"https:\/\/fifaa.ee\/en\/wp-json\/wp\/v2\/product_cat?post=32451"},{"taxonomy":"product_tag","embeddable":true,"href":"https:\/\/fifaa.ee\/en\/wp-json\/wp\/v2\/product_tag?post=32451"}],"curies":[{"name":"wp","href":"https:\/\/api.w.org\/{rel}","templated":true}]}}