{"id":32452,"date":"2025-01-28T16:24:56","date_gmt":"2025-01-28T14:24:56","guid":{"rendered":"https:\/\/fifaa.ee\/?post_type=product&#038;p=32452"},"modified":"2026-02-06T19:35:11","modified_gmt":"2026-02-06T17:35:11","slug":"kast-sling","status":"publish","type":"product","link":"https:\/\/fifaa.ee\/en\/product\/kast-sling\/","title":{"rendered":"Boxy Sling"},"content":{"rendered":"<p>The Boxy Sling is a versatile crossbody bag designed to carry everyday essentials. The bag can be worn around the neck, over the shoulder or around the waist. It has enough capacity to hold a cell phone, wallet or purse, passport, notebook and a variety of other small items. The hidden back pocket is perfect for discreetly storing cash, cards or other valuables. The Boxy Sling has a unique hidden water bottle pocket that can be tucked away when not in use. Made from R-pet fabric with AWARE\u2122 labeling. AWARE\u2122 guarantees the use of genuine recycled fabric. 27% recycled content.<\/p>","protected":false},"excerpt":{"rendered":"<p>Boxy Sling on mitmek\u00fclgne ristkorpuse kott, mis on m\u00f5eldud igap\u00e4evaste asjade kandmiseks. Kotti saab kanda \u00fcmber kaela, \u00fcle \u00f5la v\u00f5i \u00fcmber piha. Sellel on piisavalt mahutavust mobiiltelefoni, rahakoti v\u00f5i rahakoti, passi, m\u00e4rkmiku ja mitmesuguste muude v\u00e4ikeste esemete hoidmiseks. Peidetud tagatasku sobib suurep\u00e4raselt sularaha, kaartide v\u00f5i muude v\u00e4\u00e4rtuslike esemete diskreetseks hoiustamiseks. Boxy Slingil on ainulaadne peidetud [&hellip;]<\/p>\n","protected":false},"featured_media":32484,"template":"","meta":{"_acf_changed":false},"product_brand":[],"product_cat":[232],"product_tag":[659],"class_list":{"0":"post-32452","1":"product","2":"type-product","3":"status-publish","4":"has-post-thumbnail","6":"product_cat-kotid","7":"product_tag-more-colors","8":"pa_varv-must","9":"pa_varv-sinine","11":"first","12":"instock","13":"taxable","14":"shipping-taxable","15":"purchasable","16":"product-type-variable","17":"has-default-attributes"},"acf":[],"_links":{"self":[{"href":"https:\/\/fifaa.ee\/en\/wp-json\/wp\/v2\/product\/32452","targetHints":{"allow":["GET"]}}],"collection":[{"href":"https:\/\/fifaa.ee\/en\/wp-json\/wp\/v2\/product"}],"about":[{"href":"https:\/\/fifaa.ee\/en\/wp-json\/wp\/v2\/types\/product"}],"wp:featuredmedia":[{"embeddable":true,"href":"https:\/\/fifaa.ee\/en\/wp-json\/wp\/v2\/media\/32484"}],"wp:attachment":[{"href":"https:\/\/fifaa.ee\/en\/wp-json\/wp\/v2\/media?parent=32452"}],"wp:term":[{"taxonomy":"product_brand","embeddable":true,"href":"https:\/\/fifaa.ee\/en\/wp-json\/wp\/v2\/product_brand?post=32452"},{"taxonomy":"product_cat","embeddable":true,"href":"https:\/\/fifaa.ee\/en\/wp-json\/wp\/v2\/product_cat?post=32452"},{"taxonomy":"product_tag","embeddable":true,"href":"https:\/\/fifaa.ee\/en\/wp-json\/wp\/v2\/product_tag?post=32452"}],"curies":[{"name":"wp","href":"https:\/\/api.w.org\/{rel}","templated":true}]}}