{"id":32495,"date":"2025-01-28T16:25:17","date_gmt":"2025-01-28T14:25:17","guid":{"rendered":"https:\/\/fifaa.ee\/?post_type=product&#038;p=32495"},"modified":"2026-04-01T17:38:46","modified_gmt":"2026-04-01T14:38:46","slug":"xd-design-14-tolline-sulearvutikott","status":"publish","type":"product","link":"https:\/\/fifaa.ee\/en\/product\/xd-design-14-tolline-sulearvutikott\/","title":{"rendered":"XD Design 14\u2032 Laptop Bag"},"content":{"rendered":"<p>The XD Design 14&quot; Laptop Bag offers reliable laptop protection. Made from R-pet 1200D fabric and textured PU, it has a water-repellent finish. The top handle and shoulder strap offer versatile carrying options, while the back pocket offers convenient storage for essential items. A waterproof zipper and textured fleece lining add an extra layer of flexibility. Made from R-pet fabric with AWARE\u2122 labeling. AWARE\u2122 guarantees the use of genuine recycled fabric. 17% recycled content.<\/p>","protected":false},"excerpt":{"rendered":"<p>XD Design 14-tolline s\u00fclearvutikott pakub usaldusv\u00e4\u00e4rset s\u00fclearvuti kaitset. Valmistatud R-pet 1200D kangast ja tekstureeritud PU-st ning sellel on vetth\u00fclgav viimistlus. \u00dclemine k\u00e4epide ja \u00f5larihm pakuvad mitmek\u00fclgseid kandmisv\u00f5imalusi, samas kui tagatasku pakub oluliste esemete mugavat hoiustamist. Veekindel t\u00f5mblukk ja tekstureeritud fliisvooder lisavad t\u00e4iendava kihi elastsust. Valmistatud R-pet kangast koos AWARE\u2122 m\u00e4rgistusega. AWARE\u2122 abil on garanteeritud ehtsa [&hellip;]<\/p>\n","protected":false},"featured_media":32511,"template":"","meta":{"_acf_changed":false},"product_brand":[],"product_cat":[232,626],"product_tag":[],"class_list":{"0":"post-32495","1":"product","2":"type-product","3":"status-publish","4":"has-post-thumbnail","6":"product_cat-kotid","7":"product_cat-sulearvutikott","8":"pa_varv-must","10":"first","11":"instock","12":"taxable","13":"shipping-taxable","14":"purchasable","15":"product-type-variable","16":"has-default-attributes"},"acf":[],"_links":{"self":[{"href":"https:\/\/fifaa.ee\/en\/wp-json\/wp\/v2\/product\/32495","targetHints":{"allow":["GET"]}}],"collection":[{"href":"https:\/\/fifaa.ee\/en\/wp-json\/wp\/v2\/product"}],"about":[{"href":"https:\/\/fifaa.ee\/en\/wp-json\/wp\/v2\/types\/product"}],"wp:featuredmedia":[{"embeddable":true,"href":"https:\/\/fifaa.ee\/en\/wp-json\/wp\/v2\/media\/32511"}],"wp:attachment":[{"href":"https:\/\/fifaa.ee\/en\/wp-json\/wp\/v2\/media?parent=32495"}],"wp:term":[{"taxonomy":"product_brand","embeddable":true,"href":"https:\/\/fifaa.ee\/en\/wp-json\/wp\/v2\/product_brand?post=32495"},{"taxonomy":"product_cat","embeddable":true,"href":"https:\/\/fifaa.ee\/en\/wp-json\/wp\/v2\/product_cat?post=32495"},{"taxonomy":"product_tag","embeddable":true,"href":"https:\/\/fifaa.ee\/en\/wp-json\/wp\/v2\/product_tag?post=32495"}],"curies":[{"name":"wp","href":"https:\/\/api.w.org\/{rel}","templated":true}]}}