{"id":32497,"date":"2025-01-28T16:25:17","date_gmt":"2025-01-28T14:25:17","guid":{"rendered":"https:\/\/fifaa.ee\/?post_type=product&#038;p=32497"},"modified":"2026-04-01T17:39:39","modified_gmt":"2026-04-01T14:39:39","slug":"bobby-edge","status":"publish","type":"product","link":"https:\/\/fifaa.ee\/en\/product\/bobby-edge\/","title":{"rendered":"Bobby Edge"},"content":{"rendered":"<p>Experience modern design and enhanced security with the Bobby Edge. Featuring an anti-theft design and self-locking metal zipper pull, this backpack keeps your belongings safe. Its lightweight yet durable construction, along with a water-repellent exterior and waterproof zipper, provide protection from the elements. Enjoy smart interior organization for easy access to essentials. The addition of a hidden RFID-protected back pocket and a hidden tracker pocket enhance convenience and security during your daily adventures. The Bobby Edge combines modern design with advanced security features, providing the modern explorer with a stylish and protected journey. Made from R-pet fabric with AWARE\u2122 labeling. AWARE\u2122 guarantees the use of genuine recycled fabric. 14% recycled content. Registered Design\u00ae<\/p>","protected":false},"excerpt":{"rendered":"<p>Kogege Bobby Edge&#8217;iga kaasaegset disaini ja t\u00e4iustatud turvalisust. Vargusvastase disaini ja iselukustuva metallist t\u00f5mblukuga t\u00f5mmitsaga seljakott hoiab teie asju turvaliselt. Selle kerge, kuid vastupidav konstruktsioon koos vetth\u00fclgava v\u00e4lisilme ja veekindla t\u00f5mblukuga tagavad kaitse elementide eest.Nautige nutikat sisekorraldust, et p\u00e4\u00e4seda h\u00f5lpsalt juurde olulistele asjadele. Varjatud RFID-kaitsega tagumise tasku ja peidetud j\u00e4lgimisseadme tasku lisamine suurendab mugavust ja [&hellip;]<\/p>\n","protected":false},"featured_media":32515,"template":"","meta":{"_acf_changed":false},"product_brand":[],"product_cat":[232,573],"product_tag":[659],"class_list":{"0":"post-32497","1":"product","2":"type-product","3":"status-publish","4":"has-post-thumbnail","6":"product_cat-kotid","7":"product_cat-seljakott","8":"product_tag-more-colors","9":"pa_varv-hall","10":"pa_varv-must","11":"pa_varv-roheline","12":"pa_varv-sinine","13":"pa_varv-valge-new","15":"first","16":"instock","17":"taxable","18":"shipping-taxable","19":"purchasable","20":"product-type-variable","21":"has-default-attributes"},"acf":[],"_links":{"self":[{"href":"https:\/\/fifaa.ee\/en\/wp-json\/wp\/v2\/product\/32497","targetHints":{"allow":["GET"]}}],"collection":[{"href":"https:\/\/fifaa.ee\/en\/wp-json\/wp\/v2\/product"}],"about":[{"href":"https:\/\/fifaa.ee\/en\/wp-json\/wp\/v2\/types\/product"}],"wp:featuredmedia":[{"embeddable":true,"href":"https:\/\/fifaa.ee\/en\/wp-json\/wp\/v2\/media\/32515"}],"wp:attachment":[{"href":"https:\/\/fifaa.ee\/en\/wp-json\/wp\/v2\/media?parent=32497"}],"wp:term":[{"taxonomy":"product_brand","embeddable":true,"href":"https:\/\/fifaa.ee\/en\/wp-json\/wp\/v2\/product_brand?post=32497"},{"taxonomy":"product_cat","embeddable":true,"href":"https:\/\/fifaa.ee\/en\/wp-json\/wp\/v2\/product_cat?post=32497"},{"taxonomy":"product_tag","embeddable":true,"href":"https:\/\/fifaa.ee\/en\/wp-json\/wp\/v2\/product_tag?post=32497"}],"curies":[{"name":"wp","href":"https:\/\/api.w.org\/{rel}","templated":true}]}}